{"id":71,"date":"2013-09-06T14:27:16","date_gmt":"2013-09-06T13:27:16","guid":{"rendered":"http:\/\/www.probonomonte.ch\/PBM-wp\/?page_id=71"},"modified":"2016-10-17T18:15:16","modified_gmt":"2016-10-17T16:15:16","slug":"histoire-de-labbaye","status":"publish","type":"page","link":"https:\/\/www.probonomonte.ch\/PBM-wp\/histoire-de-labbaye\/","title":{"rendered":"Histoire de l&rsquo;abbaye"},"content":{"rendered":"<p>[et_pb_section admin_label=\u00a0\u00bbsection\u00a0\u00bb fullwidth=\u00a0\u00bboff\u00a0\u00bb specialty=\u00a0\u00bboff\u00a0\u00bb background_color=\u00a0\u00bb#303030&Prime; inner_shadow=\u00a0\u00bboff\u00a0\u00bb parallax=\u00a0\u00bboff\u00a0\u00bb parallax_method=\u00a0\u00bboff\u00a0\u00bb transparent_background=\u00a0\u00bboff\u00a0\u00bb allow_player_pause=\u00a0\u00bboff\u00a0\u00bb padding_mobile=\u00a0\u00bboff\u00a0\u00bb make_fullwidth=\u00a0\u00bboff\u00a0\u00bb use_custom_width=\u00a0\u00bboff\u00a0\u00bb width_unit=\u00a0\u00bbon\u00a0\u00bb make_equal=\u00a0\u00bboff\u00a0\u00bb use_custom_gutter=\u00a0\u00bboff\u00a0\u00bb][et_pb_row admin_label=\u00a0\u00bbrow\u00a0\u00bb][et_pb_column type=\u00a0\u00bb4_4&Prime;][et_pb_text admin_label=\u00a0\u00bbText\u00a0\u00bb background_layout=\u00a0\u00bbdark\u00a0\u00bb text_orientation=\u00a0\u00bbcenter\u00a0\u00bb]<\/p>\n<h1 style=\"text-align: center;\">Histoire de l&rsquo;abbaye<\/h1>\n<p>[\/et_pb_text][\/et_pb_column][\/et_pb_row][\/et_pb_section][et_pb_section admin_label=\u00a0\u00bbsection\u00a0\u00bb][et_pb_row admin_label=\u00a0\u00bbrow\u00a0\u00bb][et_pb_column type=\u00a0\u00bb4_4&Prime;][et_pb_text admin_label=\u00a0\u00bbText\u00a0\u00bb]<\/p>\n<p style=\"text-align: center;\"><a href=\"http:\/\/www.probonomonte.ch\/PBM-wp\/wp-content\/uploads\/2014\/02\/histoire_site1.png\"><img decoding=\"async\" loading=\"lazy\" class=\"size-large wp-image-433 aligncenter\" src=\"http:\/\/www.probonomonte.ch\/PBM-wp\/wp-content\/uploads\/2014\/02\/histoire_site1-534x1024.png\" alt=\"histoire_site1\" width=\"534\" height=\"1024\" srcset=\"https:\/\/www.probonomonte.ch\/PBM-wp\/wp-content\/uploads\/2014\/02\/histoire_site1-534x1024.png 534w, https:\/\/www.probonomonte.ch\/PBM-wp\/wp-content\/uploads\/2014\/02\/histoire_site1-313x600.png 313w\" sizes=\"(max-width: 534px) 100vw, 534px\" \/><\/a><\/p>\n<p>&nbsp;<\/p>\n<p>&nbsp;<\/p>\n<p>&nbsp;<\/p>\n<p>&nbsp;<\/p>\n<p>[\/et_pb_text][\/et_pb_column][\/et_pb_row][\/et_pb_section]<\/p>\n","protected":false},"excerpt":{"rendered":"<p>Blanche et lumineuse, l\u2019abbaye Notre Dame de Bonmont devait para\u00eetre immacul\u00e9e,<br \/>\ncomme la Vierge dont elle portait le nom. Sculptures et peintures, y compris les<br \/>\nvitraux color\u00e9s, sont scrupuleusement interdits. Saint Bernard de Clairvaux, qui fonda<br \/>\nl\u2019Abbaye de Bonmont (voir panneau architecture) pr\u00f4nait la vie contemplative et mettait en<br \/>\ngarde contre \u00abla hauteur immense, la longueur immod\u00e9r\u00e9e et la largeur inutile des \u00e9glises,<br \/>\nla profusion de la pierre taill\u00e9e, ainsi que les peintures curieuses, \u00e9l\u00e9ments qui attirent les<br \/>\nregards des hommes en pri\u00e8res et emp\u00eachent leur recueillement\u00bb.<\/p>\n","protected":false},"author":2,"featured_media":0,"parent":0,"menu_order":0,"comment_status":"closed","ping_status":"closed","template":"","meta":{"_et_pb_use_builder":"on","_et_pb_old_content":"<p style=\"text-align: center;\"><a href=\"http:\/\/www.probonomonte.ch\/PBM-wp\/wp-content\/uploads\/2014\/02\/histoire_site1.png\"><img class=\"size-large wp-image-433 aligncenter\" src=\"http:\/\/www.probonomonte.ch\/PBM-wp\/wp-content\/uploads\/2014\/02\/histoire_site1-534x1024.png\" alt=\"histoire_site1\" width=\"534\" height=\"1024\" \/><\/a><\/p><p>\u00a0<\/p><p>\u00a0<\/p><p>\u00a0<\/p><p>\u00a0<\/p>","_et_gb_content_width":""},"_links":{"self":[{"href":"https:\/\/www.probonomonte.ch\/PBM-wp\/wp-json\/wp\/v2\/pages\/71"}],"collection":[{"href":"https:\/\/www.probonomonte.ch\/PBM-wp\/wp-json\/wp\/v2\/pages"}],"about":[{"href":"https:\/\/www.probonomonte.ch\/PBM-wp\/wp-json\/wp\/v2\/types\/page"}],"author":[{"embeddable":true,"href":"https:\/\/www.probonomonte.ch\/PBM-wp\/wp-json\/wp\/v2\/users\/2"}],"replies":[{"embeddable":true,"href":"https:\/\/www.probonomonte.ch\/PBM-wp\/wp-json\/wp\/v2\/comments?post=71"}],"version-history":[{"count":0,"href":"https:\/\/www.probonomonte.ch\/PBM-wp\/wp-json\/wp\/v2\/pages\/71\/revisions"}],"wp:attachment":[{"href":"https:\/\/www.probonomonte.ch\/PBM-wp\/wp-json\/wp\/v2\/media?parent=71"}],"curies":[{"name":"wp","href":"https:\/\/api.w.org\/{rel}","templated":true}]}}