{"id":687,"date":"2014-04-23T18:04:30","date_gmt":"2014-04-23T16:04:30","guid":{"rendered":"http:\/\/www.probonomonte.ch\/PBM-wp\/?page_id=687"},"modified":"2016-11-21T17:16:34","modified_gmt":"2016-11-21T16:16:34","slug":"programme-cocerts-bonmont-2014","status":"publish","type":"page","link":"https:\/\/www.probonomonte.ch\/PBM-wp\/programme-cocerts-bonmont-2014\/","title":{"rendered":"2014"},"content":{"rendered":"<p>[et_pb_section admin_label=\u00a0\u00bbsection\u00a0\u00bb fullwidth=\u00a0\u00bboff\u00a0\u00bb specialty=\u00a0\u00bboff\u00a0\u00bb background_image=\u00a0\u00bbhttp:\/\/www.probonomonte.ch\/PBM-wp\/wp-content\/uploads\/2014\/05\/i_02_troubadour02.jpg\u00a0\u00bb background_color=\u00a0\u00bb#ffffff\u00a0\u00bb inner_shadow=\u00a0\u00bboff\u00a0\u00bb parallax=\u00a0\u00bboff\u00a0\u00bb parallax_method=\u00a0\u00bbcss\u00a0\u00bb][et_pb_row admin_label=\u00a0\u00bbrow\u00a0\u00bb][et_pb_column type=\u00a0\u00bb4_4&Prime;][et_pb_text admin_label=\u00a0\u00bbText\u00a0\u00bb background_layout=\u00a0\u00bbdark\u00a0\u00bb text_orientation=\u00a0\u00bbcenter\u00a0\u00bb use_border_color=\u00a0\u00bboff\u00a0\u00bb border_color=\u00a0\u00bb#ffffff\u00a0\u00bb border_style=\u00a0\u00bbsolid\u00a0\u00bb]<\/p>\n<h1 style=\"text-align: center;\"><span style=\"color: #ffffff;\">2014<br \/>\n<\/span><\/h1>\n<p>[\/et_pb_text][\/et_pb_column][\/et_pb_row][\/et_pb_section][et_pb_section admin_label=\u00a0\u00bbsection\u00a0\u00bb background_color=\u00a0\u00bb#ffffff\u00a0\u00bb inner_shadow=\u00a0\u00bboff\u00a0\u00bb parallax=\u00a0\u00bboff\u00a0\u00bb parallax_method=\u00a0\u00bbcss\u00a0\u00bb background_image=\u00a0\u00bbhttp:\/\/www.probonomonte.ch\/PBM-wp\/wp-content\/uploads\/2013\/10\/DSC_2204-f.jpg\u00a0\u00bb][et_pb_row admin_label=\u00a0\u00bbrow\u00a0\u00bb][et_pb_column type=\u00a0\u00bb4_4&Prime;][et_pb_text admin_label=\u00a0\u00bbTexte\u00a0\u00bb background_layout=\u00a0\u00bblight\u00a0\u00bb text_orientation=\u00a0\u00bbleft\u00a0\u00bb use_border_color=\u00a0\u00bboff\u00a0\u00bb border_color=\u00a0\u00bb#ffffff\u00a0\u00bb border_style=\u00a0\u00bbsolid\u00a0\u00bb]<\/p>\n<h1 style=\"text-align: center;\"><span style=\"color: #ffffff;\">F\u00eate de la musique du 21 juin 2014<\/span><span id=\"transmark\" style=\"display: none; width: 0px; height: 0px;\"><\/span><\/h1>\n<p>[\/et_pb_text][et_pb_text admin_label=\u00a0\u00bbText\u00a0\u00bb background_layout=\u00a0\u00bblight\u00a0\u00bb text_orientation=\u00a0\u00bbcenter\u00a0\u00bb use_border_color=\u00a0\u00bboff\u00a0\u00bb border_color=\u00a0\u00bb#ffffff\u00a0\u00bb border_style=\u00a0\u00bbsolid\u00a0\u00bb]<\/p>\n<p><a href=\"http:\/\/www.probonomonte.ch\/PBM-wp\/wp-content\/uploads\/2014\/04\/PUB-Bonmont-A3-2014.jpg\"><img decoding=\"async\" loading=\"lazy\" class=\"aligncenter size-medium wp-image-1636\" src=\"http:\/\/www.probonomonte.ch\/PBM-wp\/wp-content\/uploads\/2014\/04\/PUB-Bonmont-A3-2014-424x600.jpg\" alt=\"PUB Bonmont A3 2014\" width=\"424\" height=\"600\" srcset=\"https:\/\/www.probonomonte.ch\/PBM-wp\/wp-content\/uploads\/2014\/04\/PUB-Bonmont-A3-2014-424x600.jpg 424w, https:\/\/www.probonomonte.ch\/PBM-wp\/wp-content\/uploads\/2014\/04\/PUB-Bonmont-A3-2014-724x1024.jpg 724w, https:\/\/www.probonomonte.ch\/PBM-wp\/wp-content\/uploads\/2014\/04\/PUB-Bonmont-A3-2014-600x848.jpg 600w, https:\/\/www.probonomonte.ch\/PBM-wp\/wp-content\/uploads\/2014\/04\/PUB-Bonmont-A3-2014-1080x1527.jpg 1080w, https:\/\/www.probonomonte.ch\/PBM-wp\/wp-content\/uploads\/2014\/04\/PUB-Bonmont-A3-2014.jpg 1169w\" sizes=\"(max-width: 424px) 100vw, 424px\" \/><\/a><\/p>\n<p>[\/et_pb_text][et_pb_image admin_label=\u00a0\u00bbImage\u00a0\u00bb show_in_lightbox=\u00a0\u00bboff\u00a0\u00bb url_new_window=\u00a0\u00bboff\u00a0\u00bb animation=\u00a0\u00bbleft\u00a0\u00bb sticky=\u00a0\u00bboff\u00a0\u00bb align=\u00a0\u00bbleft\u00a0\u00bb force_fullwidth=\u00a0\u00bboff\u00a0\u00bb always_center_on_mobile=\u00a0\u00bbon\u00a0\u00bb use_border_color=\u00a0\u00bboff\u00a0\u00bb border_color=\u00a0\u00bb#ffffff\u00a0\u00bb border_style=\u00a0\u00bbsolid\u00a0\u00bb] [\/et_pb_image][\/et_pb_column][\/et_pb_row][et_pb_row admin_label=\u00a0\u00bbrow\u00a0\u00bb][et_pb_column type=\u00a0\u00bb1_4&Prime;][et_pb_video admin_label=\u00a0\u00bbVid\u00e9o\u00a0\u00bb src=\u00a0\u00bbhttp:\/\/www.probonomonte.ch\/PBM-wp\/wp-content\/uploads\/2015\/10\/DSC_0308.mp4.mp4&Prime;] [\/et_pb_video][et_pb_text admin_label=\u00a0\u00bbTexte\u00a0\u00bb background_layout=\u00a0\u00bblight\u00a0\u00bb text_orientation=\u00a0\u00bbleft\u00a0\u00bb use_border_color=\u00a0\u00bboff\u00a0\u00bb border_color=\u00a0\u00bb#ffffff\u00a0\u00bb border_style=\u00a0\u00bbsolid\u00a0\u00bb]<\/p>\n<p style=\"text-align: center;\">Ensemble vocal Vox Animae<br \/>\nNeuch\u00e2tel<\/p>\n<p style=\"text-align: center;\">Direction Bernard Guye<\/p>\n<p>[\/et_pb_text][\/et_pb_column][et_pb_column type=\u00a0\u00bb1_4&Prime;][et_pb_video admin_label=\u00a0\u00bbVid\u00e9o\u00a0\u00bb src=\u00a0\u00bbhttp:\/\/www.probonomonte.ch\/PBM-wp\/wp-content\/uploads\/2015\/10\/DSC_0304.mp4.mp4&Prime;] [\/et_pb_video][et_pb_text admin_label=\u00a0\u00bbTexte\u00a0\u00bb background_layout=\u00a0\u00bblight\u00a0\u00bb text_orientation=\u00a0\u00bbleft\u00a0\u00bb use_border_color=\u00a0\u00bboff\u00a0\u00bb border_color=\u00a0\u00bb#ffffff\u00a0\u00bb border_style=\u00a0\u00bbsolid\u00a0\u00bb]<\/p>\n<p style=\"text-align: center;\">Gospel Spirit<br \/>\nGen\u00e8ve<\/p>\n<p style=\"text-align: center;\">Direction Thomas Corminboeuf<\/p>\n<p>[\/et_pb_text][\/et_pb_column][et_pb_column type=\u00a0\u00bb1_4&Prime;][et_pb_video admin_label=\u00a0\u00bbVid\u00e9o\u00a0\u00bb src=\u00a0\u00bbhttp:\/\/www.probonomonte.ch\/PBM-wp\/wp-content\/uploads\/2015\/10\/DSC_0301.mp4.mp4&Prime;] [\/et_pb_video][et_pb_text admin_label=\u00a0\u00bbTexte\u00a0\u00bb background_layout=\u00a0\u00bblight\u00a0\u00bb text_orientation=\u00a0\u00bbleft\u00a0\u00bb use_border_color=\u00a0\u00bboff\u00a0\u00bb border_color=\u00a0\u00bb#ffffff\u00a0\u00bb border_style=\u00a0\u00bbsolid\u00a0\u00bb]<\/p>\n<p style=\"text-align: center;\">Le Madrigal du Jorat<br \/>\nFerlens<\/p>\n<p style=\"text-align: center;\">Direction Andr\u00e9 Denys<\/p>\n<p>[\/et_pb_text][\/et_pb_column][et_pb_column type=\u00a0\u00bb1_4&Prime;][et_pb_video admin_label=\u00a0\u00bbVid\u00e9o\u00a0\u00bb src=\u00a0\u00bbhttp:\/\/www.probonomonte.ch\/PBM-wp\/wp-content\/uploads\/2015\/10\/DSC_0310.mp4.mp4&Prime;] [\/et_pb_video][et_pb_text admin_label=\u00a0\u00bbTexte\u00a0\u00bb background_layout=\u00a0\u00bblight\u00a0\u00bb text_orientation=\u00a0\u00bbleft\u00a0\u00bb use_border_color=\u00a0\u00bboff\u00a0\u00bb border_color=\u00a0\u00bb#ffffff\u00a0\u00bb border_style=\u00a0\u00bbsolid\u00a0\u00bb]<\/p>\n<p style=\"text-align: center;\">Harmonie des Campagne<br \/>\nGoumo\u00ebns-la-Ville<\/p>\n<p style=\"text-align: center;\">Direction Blaise Mettraux<\/p>\n<p>[\/et_pb_text][\/et_pb_column][\/et_pb_row][\/et_pb_section]<\/p>\n","protected":false},"excerpt":{"rendered":"<p>2014 F\u00eate de la musique du 21 juin 2014 Ensemble vocal Vox Animae Neuch\u00e2tel Direction Bernard Guye Gospel Spirit Gen\u00e8ve Direction Thomas Corminboeuf Le Madrigal du Jorat Ferlens Direction Andr\u00e9 Denys Harmonie des Campagne Goumo\u00ebns-la-Ville Direction Blaise Mettraux<\/p>\n","protected":false},"author":2,"featured_media":0,"parent":0,"menu_order":3,"comment_status":"closed","ping_status":"closed","template":"","meta":{"_et_pb_use_builder":"on","_et_pb_old_content":"<h1 class=\"entry-title\">PROGRAMME 2014<\/h1><div class=\"entry-content\"><div id=\"pg-451-0\" class=\"panel-grid\"><div id=\"pgc-451-0-0\" class=\"panel-grid-cell\"><div id=\"panel-451-0-0-0\" class=\"panel widget widget_text panel-first-child\"><h3 class=\"widget-title\">6 AVRIL 2014<\/h3><div class=\"textwidget\">ENSEMBLE BEATUS<\/div><\/div><div id=\"panel-451-0-0-1\" class=\"panel widget widget_siteorigin-panels-image\"><a href=\"http:\/\/www.bonmont.ch\/14-bonmont\/wp-content\/uploads\/2014\/01\/beatus2-e1392387223866.jpg\"><img src=\"http:\/\/www.bonmont.ch\/14-bonmont\/wp-content\/uploads\/2014\/01\/beatus2-150x150.jpg\" alt=\"\" \/><\/a><\/div><div id=\"panel-451-0-0-2\" class=\"panel widget widget_origin_button panel-last-child\"><div class=\"origin-widget origin-widget-button origin-widget-button-simple-white align-left\"><a href=\"http:\/\/www.bonmont.ch\/14-bonmont\/6-avril-Ensemble-Beatus\" target=\"_blank\"> Description<\/a><\/div><\/div><\/div><div id=\"pgc-451-0-1\" class=\"panel-grid-cell\"><div id=\"panel-451-0-1-0\" class=\"panel widget widget_text panel-first-child\"><h3 class=\"widget-title\">11 MAI 2014<\/h3><div class=\"textwidget\">LES VOCALISTES ROMANDS<\/div><\/div><div id=\"panel-451-0-1-1\" class=\"panel widget widget_siteorigin-panels-image\"><a href=\"http:\/\/www.bonmont.ch\/14-bonmont\/wp-content\/uploads\/2014\/01\/les-vocalistes.jpg\"><img src=\"http:\/\/www.bonmont.ch\/14-bonmont\/wp-content\/uploads\/2014\/01\/les-vocalistes-150x150.jpg\" alt=\"\" \/><\/a><\/div><div id=\"panel-451-0-1-2\" class=\"panel widget widget_origin_button panel-last-child\"><div class=\"origin-widget origin-widget-button origin-widget-button-simple-white align-left\"><a href=\"http:\/\/www.bonmont.ch\/14-bonmont\/11-mai-Les-Vocalistes-Romands\" target=\"_blank\"> Description<\/a><\/div><\/div><\/div><div id=\"pgc-451-0-2\" class=\"panel-grid-cell\"><div id=\"panel-451-0-2-0\" class=\"panel widget widget_text panel-first-child\"><h3 class=\"widget-title\">29 JUIN 2014<\/h3><div class=\"textwidget\">ENSEMBLE FLORES HARMONICI<\/div><\/div><div id=\"panel-451-0-2-1\" class=\"panel widget widget_siteorigin-panels-image\"><a href=\"http:\/\/www.bonmont.ch\/14-bonmont\/wp-content\/uploads\/2014\/01\/FloresValangin2.jpg\"><img src=\"http:\/\/www.bonmont.ch\/14-bonmont\/wp-content\/uploads\/2014\/01\/FloresValangin2-150x150.jpg\" alt=\"\" \/><\/a><\/div><div id=\"panel-451-0-2-2\" class=\"panel widget widget_origin_button panel-last-child\"><div class=\"origin-widget origin-widget-button origin-widget-button-simple-white align-left\"><a href=\"http:\/\/www.bonmont.ch\/14-bonmont\/programme-2014-2\/29-juin-flores-harmonici\/\" target=\"_blank\"> Description<\/a><\/div><\/div><\/div><\/div><div id=\"pg-451-1\" class=\"panel-grid\"><div id=\"pgc-451-1-0\" class=\"panel-grid-cell\">\u00a0<\/div><div id=\"pgc-451-1-1\" class=\"panel-grid-cell\"><div id=\"panel-451-1-1-0\" class=\"panel widget widget_text panel-first-child panel-last-child\"><h3 class=\"widget-title\">21 juin 2014<\/h3><div class=\"textwidget\">F\u00eate de la Musique<\/div><\/div><\/div><div id=\"pgc-451-1-2\" class=\"panel-grid-cell\">\u00a0<\/div><\/div><div id=\"pg-451-2\" class=\"panel-grid\"><div id=\"pgc-451-2-0\" class=\"panel-grid-cell\"><div id=\"panel-451-2-0-0\" class=\"panel widget widget_text panel-first-child panel-last-child\"><h3 class=\"widget-title\">14 SEPTEMBRE 2014<\/h3><div class=\"textwidget\">QUATUOR SYMPHONIQUE<\/div><\/div><\/div><div id=\"pgc-451-2-1\" class=\"panel-grid-cell\"><div id=\"panel-451-2-1-0\" class=\"panel widget widget_text panel-first-child panel-last-child\"><h3 class=\"widget-title\">5 OCTOBRE 2014<\/h3><div class=\"textwidget\">ENSEMBLE JACQUES MODERNE<\/div><\/div><\/div><div id=\"pgc-451-2-2\" class=\"panel-grid-cell\"><div id=\"panel-451-2-2-0\" class=\"panel widget widget_text panel-first-child panel-last-child\"><h3 class=\"widget-title\">30 NOVEMBRE 2014<\/h3><div class=\"textwidget\">COUROU DE BERRA<\/div><\/div><\/div><\/div><div id=\"pg-451-3\" class=\"panel-grid\"><div id=\"pgc-451-3-0\" class=\"panel-grid-cell\"><div id=\"panel-451-3-0-0\" class=\"panel widget widget_siteorigin-panels-image panel-first-child\"><a href=\"http:\/\/www.bonmont.ch\/14-bonmont\/wp-content\/uploads\/2014\/01\/Nicolas-Reymond.jpeg\"><img src=\"http:\/\/www.bonmont.ch\/14-bonmont\/wp-content\/uploads\/2014\/01\/Nicolas-Reymond-150x150.jpeg\" alt=\"\" \/><\/a><\/div><div id=\"panel-451-3-0-1\" class=\"panel widget widget_origin_button panel-last-child\"><div class=\"origin-widget origin-widget-button origin-widget-button-simple-white align-left\"><a href=\"http:\/\/www.bonmont.ch\/14-bonmont\/14-septembre-QuatuOr-SymphOnique\" target=\"_blank\"> Description<\/a><\/div><\/div><\/div><div id=\"pgc-451-3-1\" class=\"panel-grid-cell\"><div id=\"panel-451-3-1-0\" class=\"panel widget widget_siteorigin-panels-image panel-first-child\"><a href=\"http:\/\/www.bonmont.ch\/14-bonmont\/wp-content\/uploads\/2014\/02\/israelbrunnlein.jpg\"><img src=\"http:\/\/www.bonmont.ch\/14-bonmont\/wp-content\/uploads\/2014\/02\/israelbrunnlein-180x180.jpg\" alt=\"\" \/><\/a><\/div><div id=\"panel-451-3-1-1\" class=\"panel widget widget_origin_button panel-last-child\"><div class=\"origin-widget origin-widget-button origin-widget-button-simple-white align-left\"><a href=\"http:\/\/www.bonmont.ch\/14-bonmont\/5-octobre-Ensemble-Jacques-Moderne\" target=\"_blank\"> Description<\/a><\/div><\/div><\/div><div id=\"pgc-451-3-2\" class=\"panel-grid-cell\"><div id=\"panel-451-3-2-0\" class=\"panel widget widget_siteorigin-panels-image panel-first-child\"><a href=\"http:\/\/www.bonmont.ch\/14-bonmont\/wp-content\/uploads\/2014\/02\/courou.png\"><img src=\"http:\/\/www.bonmont.ch\/14-bonmont\/wp-content\/uploads\/2014\/02\/courou-180x180.png\" alt=\"\" \/><\/a><\/div><div id=\"panel-451-3-2-1\" class=\"panel widget widget_origin_button panel-last-child\"><div class=\"origin-widget origin-widget-button origin-widget-button-simple-white align-left\"><a href=\"http:\/\/www.bonmont.ch\/14-bonmont\/30-novembre-Ensemble-Courou-de-Berra\" target=\"_blank\"> Description<\/a><\/div><\/div><\/div><\/div><div id=\"pg-451-4\" class=\"panel-grid\">\u00a0<\/div><\/div>","_et_gb_content_width":""},"_links":{"self":[{"href":"https:\/\/www.probonomonte.ch\/PBM-wp\/wp-json\/wp\/v2\/pages\/687"}],"collection":[{"href":"https:\/\/www.probonomonte.ch\/PBM-wp\/wp-json\/wp\/v2\/pages"}],"about":[{"href":"https:\/\/www.probonomonte.ch\/PBM-wp\/wp-json\/wp\/v2\/types\/page"}],"author":[{"embeddable":true,"href":"https:\/\/www.probonomonte.ch\/PBM-wp\/wp-json\/wp\/v2\/users\/2"}],"replies":[{"embeddable":true,"href":"https:\/\/www.probonomonte.ch\/PBM-wp\/wp-json\/wp\/v2\/comments?post=687"}],"version-history":[{"count":0,"href":"https:\/\/www.probonomonte.ch\/PBM-wp\/wp-json\/wp\/v2\/pages\/687\/revisions"}],"wp:attachment":[{"href":"https:\/\/www.probonomonte.ch\/PBM-wp\/wp-json\/wp\/v2\/media?parent=687"}],"curies":[{"name":"wp","href":"https:\/\/api.w.org\/{rel}","templated":true}]}}