{"id":232,"date":"2013-09-18T13:29:45","date_gmt":"2013-09-18T12:29:45","guid":{"rendered":"http:\/\/www.probonomonte.ch\/PBM-wp\/?page_id=232"},"modified":"2024-05-19T17:33:42","modified_gmt":"2024-05-19T15:33:42","slug":"convocations","status":"publish","type":"page","link":"https:\/\/www.probonomonte.ch\/PBM-wp\/2017-fete-de-la-musique\/convocations\/","title":{"rendered":"Convocations"},"content":{"rendered":"<p>[et_pb_section fb_built=\u00a0\u00bb1&Prime; custom_padding_last_edited=\u00a0\u00bbon|desktop\u00a0\u00bb admin_label=\u00a0\u00bbsection\u00a0\u00bb _builder_version=\u00a0\u00bb4.16&Prime; background_color=\u00a0\u00bb#303030&Prime; custom_padding_tablet=\u00a0\u00bb50px|0|50px|0&Prime; custom_padding_phone=\u00a0\u00bb\u00a0\u00bb transparent_background=\u00a0\u00bboff\u00a0\u00bb padding_mobile=\u00a0\u00bboff\u00a0\u00bb make_fullwidth=\u00a0\u00bboff\u00a0\u00bb use_custom_width=\u00a0\u00bboff\u00a0\u00bb width_unit=\u00a0\u00bbon\u00a0\u00bb global_colors_info=\u00a0\u00bb{}\u00a0\u00bb][et_pb_row admin_label=\u00a0\u00bbrow\u00a0\u00bb _builder_version=\u00a0\u00bb4.16&Prime; background_size=\u00a0\u00bbinitial\u00a0\u00bb background_position=\u00a0\u00bbtop_left\u00a0\u00bb background_repeat=\u00a0\u00bbrepeat\u00a0\u00bb global_colors_info=\u00a0\u00bb{}\u00a0\u00bb][et_pb_column type=\u00a0\u00bb4_4&Prime; _builder_version=\u00a0\u00bb4.16&Prime; custom_padding=\u00a0\u00bb|||\u00a0\u00bb global_colors_info=\u00a0\u00bb{}\u00a0\u00bb custom_padding__hover=\u00a0\u00bb|||\u00a0\u00bb][et_pb_text admin_label=\u00a0\u00bbText\u00a0\u00bb _builder_version=\u00a0\u00bb4.16&Prime; background_size=\u00a0\u00bbinitial\u00a0\u00bb background_position=\u00a0\u00bbtop_left\u00a0\u00bb background_repeat=\u00a0\u00bbrepeat\u00a0\u00bb background_layout=\u00a0\u00bbdark\u00a0\u00bb global_colors_info=\u00a0\u00bb{}\u00a0\u00bb]<\/p>\n<h1 style=\"text-align: center;\">Convocation \u00e0 la prochaine Assembl\u00e9e g\u00e9n\u00e9rale<\/h1>\n<p>[\/et_pb_text][\/et_pb_column][\/et_pb_row][\/et_pb_section][et_pb_section fb_built=\u00a0\u00bb1&Prime; admin_label=\u00a0\u00bbsection\u00a0\u00bb _builder_version=\u00a0\u00bb4.16&Prime; background_image=\u00a0\u00bbhttp:\/\/www.probonomonte.ch\/PBM-wp\/wp-content\/uploads\/2013\/10\/DSC_2204-f.jpg\u00a0\u00bb global_colors_info=\u00a0\u00bb{}\u00a0\u00bb][et_pb_row admin_label=\u00a0\u00bbrow\u00a0\u00bb _builder_version=\u00a0\u00bb4.16&Prime; background_size=\u00a0\u00bbinitial\u00a0\u00bb background_position=\u00a0\u00bbtop_left\u00a0\u00bb background_repeat=\u00a0\u00bbrepeat\u00a0\u00bb global_colors_info=\u00a0\u00bb{}\u00a0\u00bb][et_pb_column type=\u00a0\u00bb4_4&Prime; _builder_version=\u00a0\u00bb4.16&Prime; custom_padding=\u00a0\u00bb|||\u00a0\u00bb global_colors_info=\u00a0\u00bb{}\u00a0\u00bb custom_padding__hover=\u00a0\u00bb|||\u00a0\u00bb][et_pb_text admin_label=\u00a0\u00bbText\u00a0\u00bb _builder_version=\u00a0\u00bb4.16&Prime; text_font=\u00a0\u00bb||||||||\u00a0\u00bb text_font_size=\u00a0\u00bb21px\u00a0\u00bb background_size=\u00a0\u00bbinitial\u00a0\u00bb background_position=\u00a0\u00bbtop_left\u00a0\u00bb background_repeat=\u00a0\u00bbrepeat\u00a0\u00bb link_option_url=\u00a0\u00bbhttp:\/\/www.probonomonte.ch\/PBM-wp\/wp-content\/uploads\/2019\/06\/convocation_2019.pdf\u00a0\u00bb global_colors_info=\u00a0\u00bb{}\u00a0\u00bb]<\/p>\n<table>\n<tbody>\n<tr>\n<td width=\"326\"><a href=\"http:\/\/www.probonomonte.ch\/PBM-wp\/wp-content\/uploads\/2014\/04\/PBM1.gif\"><img decoding=\"async\" loading=\"lazy\" class=\"size-thumbnail wp-image-683 aligncenter\" src=\"http:\/\/www.probonomonte.ch\/PBM-wp\/wp-content\/uploads\/2014\/04\/PBM1-200x200.gif\" alt=\"PBM\" width=\"200\" height=\"200\" \/><\/a><\/td>\n<\/tr>\n<tr>\n<td width=\"195\"><strong>PRO BONO MONTE<\/strong><\/td>\n<td width=\"326\">\u00a0Ch\u00e9serex, date du timbre postal<\/td>\n<\/tr>\n<tr>\n<td width=\"195\">ASSOCIATION DES AMIS DE<br \/>L&rsquo;ABBAYE CISTERCIENNE DE BONMONT<strong>www.probonomonte.ch<\/strong><\/td>\n<td width=\"326\"><\/td>\n<\/tr>\n<tr>\n<td width=\"195\">p.a. H\u00e9l\u00e8ne Lasser 1275 Ch\u00e9serex<\/td>\n<td width=\"326\"><\/td>\n<\/tr>\n<\/tbody>\n<\/table>\n<p style=\"text-align: center;\">\u00a0Madame, Monsieur,<\/p>\n<p style=\"text-align: center;\">Le Comit\u00e9 a le plaisir de vous convier \u00e0 l\u2019assembl\u00e9e g\u00e9n\u00e9rale ordinaire de l\u2019Association Pro Bono Monte, qui aura lieu le<\/p>\n<p style=\"text-align: center;\"><strong><a href=\"http:\/\/www.probonomonte.ch\/PBM-wp\/wp-content\/uploads\/2024\/05\/convocation-2024.pdf\">Mercredi 28 mai 2024 \u00e0 18 h 00<\/a><br \/><\/strong><\/p>\n<p style=\"text-align: center;\">au b\u00e2timent de l\u2019Administration communale de Ch\u00e9serex<\/p>\n<p>&nbsp;<\/p>\n<p>&nbsp;<\/p>\n<p>[\/et_pb_text][\/et_pb_column][\/et_pb_row][\/et_pb_section]<\/p>\n","protected":false},"excerpt":{"rendered":"<p>Convocation \u00e0 la prochaine Assembl\u00e9e g\u00e9n\u00e9rale PRO BONO MONTE \u00a0Ch\u00e9serex, date du timbre postal ASSOCIATION DES AMIS DEL&rsquo;ABBAYE CISTERCIENNE DE BONMONTwww.probonomonte.ch p.a. H\u00e9l\u00e8ne Lasser 1275 Ch\u00e9serex \u00a0Madame, Monsieur, Le Comit\u00e9 a le plaisir de vous convier \u00e0 l\u2019assembl\u00e9e g\u00e9n\u00e9rale ordinaire de l\u2019Association Pro Bono Monte, qui aura lieu le Mercredi 28 mai 2024 \u00e0 18 [&hellip;]<\/p>\n","protected":false},"author":2,"featured_media":0,"parent":118,"menu_order":0,"comment_status":"closed","ping_status":"closed","template":"","meta":{"_et_pb_use_builder":"on","_et_pb_old_content":"","_et_gb_content_width":""},"_links":{"self":[{"href":"https:\/\/www.probonomonte.ch\/PBM-wp\/wp-json\/wp\/v2\/pages\/232"}],"collection":[{"href":"https:\/\/www.probonomonte.ch\/PBM-wp\/wp-json\/wp\/v2\/pages"}],"about":[{"href":"https:\/\/www.probonomonte.ch\/PBM-wp\/wp-json\/wp\/v2\/types\/page"}],"author":[{"embeddable":true,"href":"https:\/\/www.probonomonte.ch\/PBM-wp\/wp-json\/wp\/v2\/users\/2"}],"replies":[{"embeddable":true,"href":"https:\/\/www.probonomonte.ch\/PBM-wp\/wp-json\/wp\/v2\/comments?post=232"}],"version-history":[{"count":2,"href":"https:\/\/www.probonomonte.ch\/PBM-wp\/wp-json\/wp\/v2\/pages\/232\/revisions"}],"predecessor-version":[{"id":4189,"href":"https:\/\/www.probonomonte.ch\/PBM-wp\/wp-json\/wp\/v2\/pages\/232\/revisions\/4189"}],"up":[{"embeddable":true,"href":"https:\/\/www.probonomonte.ch\/PBM-wp\/wp-json\/wp\/v2\/pages\/118"}],"wp:attachment":[{"href":"https:\/\/www.probonomonte.ch\/PBM-wp\/wp-json\/wp\/v2\/media?parent=232"}],"curies":[{"name":"wp","href":"https:\/\/api.w.org\/{rel}","templated":true}]}}