{"id":191,"date":"2013-09-16T09:22:33","date_gmt":"2013-09-16T07:22:33","guid":{"rendered":"http:\/\/www.probonomonte.ch\/PBM-wp\/?page_id=191"},"modified":"2016-10-20T15:57:43","modified_gmt":"2016-10-20T13:57:43","slug":"leglise","status":"publish","type":"page","link":"https:\/\/www.probonomonte.ch\/PBM-wp\/histoire-de-labbaye\/archeologie\/leglise\/","title":{"rendered":"l&rsquo;\u00e9glise"},"content":{"rendered":"<p>[et_pb_section admin_label=\u00a0\u00bbsection\u00a0\u00bb fullwidth=\u00a0\u00bboff\u00a0\u00bb specialty=\u00a0\u00bboff\u00a0\u00bb background_color=\u00a0\u00bb#303030&Prime; inner_shadow=\u00a0\u00bboff\u00a0\u00bb parallax=\u00a0\u00bboff\u00a0\u00bb parallax_method=\u00a0\u00bboff\u00a0\u00bb transparent_background=\u00a0\u00bboff\u00a0\u00bb allow_player_pause=\u00a0\u00bboff\u00a0\u00bb padding_mobile=\u00a0\u00bboff\u00a0\u00bb make_fullwidth=\u00a0\u00bboff\u00a0\u00bb use_custom_width=\u00a0\u00bboff\u00a0\u00bb width_unit=\u00a0\u00bbon\u00a0\u00bb make_equal=\u00a0\u00bboff\u00a0\u00bb use_custom_gutter=\u00a0\u00bboff\u00a0\u00bb][et_pb_row admin_label=\u00a0\u00bbrow\u00a0\u00bb][et_pb_column type=\u00a0\u00bb4_4&Prime;][et_pb_text admin_label=\u00a0\u00bbText\u00a0\u00bb background_layout=\u00a0\u00bbdark\u00a0\u00bb text_orientation=\u00a0\u00bbcenter\u00a0\u00bb use_border_color=\u00a0\u00bboff\u00a0\u00bb border_color=\u00a0\u00bb#ffffff\u00a0\u00bb border_style=\u00a0\u00bbsolid\u00a0\u00bb]<\/p>\n<h1 style=\"text-align: center;\">L&rsquo;\u00e9glise<span id=\"transmark\" style=\"display: none; width: 0px; height: 0px;\"><\/span><\/h1>\n<p>[\/et_pb_text][\/et_pb_column][\/et_pb_row][\/et_pb_section][et_pb_section admin_label=\u00a0\u00bbSection\u00a0\u00bb fullwidth=\u00a0\u00bboff\u00a0\u00bb specialty=\u00a0\u00bboff\u00a0\u00bb transparent_background=\u00a0\u00bboff\u00a0\u00bb allow_player_pause=\u00a0\u00bboff\u00a0\u00bb inner_shadow=\u00a0\u00bboff\u00a0\u00bb parallax=\u00a0\u00bboff\u00a0\u00bb parallax_method=\u00a0\u00bboff\u00a0\u00bb padding_mobile=\u00a0\u00bboff\u00a0\u00bb make_fullwidth=\u00a0\u00bboff\u00a0\u00bb use_custom_width=\u00a0\u00bboff\u00a0\u00bb width_unit=\u00a0\u00bbon\u00a0\u00bb make_equal=\u00a0\u00bboff\u00a0\u00bb use_custom_gutter=\u00a0\u00bboff\u00a0\u00bb][et_pb_row admin_label=\u00a0\u00bbLigne\u00a0\u00bb][et_pb_column type=\u00a0\u00bb4_4&Prime;][et_pb_text admin_label=\u00a0\u00bbTexte\u00a0\u00bb background_layout=\u00a0\u00bblight\u00a0\u00bb text_orientation=\u00a0\u00bbleft\u00a0\u00bb use_border_color=\u00a0\u00bboff\u00a0\u00bb border_color=\u00a0\u00bb#ffffff\u00a0\u00bb border_style=\u00a0\u00bbsolid\u00a0\u00bb]<\/p>\n<h1 style=\"text-align: center;\">L&rsquo;abbaye d\u00e8s le XIIe<br \/>\net le XIII<span id=\"transmark\" style=\"display: none; width: 0px; height: 0px;\"><\/span>e si\u00e9cle<\/h1>\n<p>[\/et_pb_text][et_pb_text admin_label=\u00a0\u00bbTexte\u00a0\u00bb background_layout=\u00a0\u00bblight\u00a0\u00bb text_orientation=\u00a0\u00bbleft\u00a0\u00bb use_border_color=\u00a0\u00bboff\u00a0\u00bb border_color=\u00a0\u00bb#ffffff\u00a0\u00bb border_style=\u00a0\u00bbsolid\u00a0\u00bb]<\/p>\n<p style=\"text-align: justify;\">Le clo\u00eetre et les b\u00e2timents conventuels:<\/p>\n<p style=\"text-align: justify;\">La plus grande partie des b\u00e2timents conventuels a disparu mais gr\u00e2ce aux recherches, les structures conserv\u00e9es dans le sous-sol ont \u00e9t\u00e9 d\u00e9gag\u00e9es. N\u00e9anmoins, nos connaissances sont encore incompl\u00e8tes.<\/p>\n<p style=\"text-align: justify;\">C&rsquo;est \u00e0 l&rsquo;int\u00e9rieur de la cl\u00f4ture que les moines devaient passer la journ\u00e9e, interrompue par les offices dans l&rsquo;\u00e9glise. Le calme r\u00e9gnait dans le clo\u00eetre, prot\u00e9g\u00e9 de l&rsquo;ext\u00e9rieur par de hauts b\u00e2timents, qui servaient d&rsquo;une part de distribution entre les divers corps d&rsquo;habitation, d&rsquo;autre part de lieux destin\u00e9s \u00e0 la contemplation. Le clo\u00eetre formait un carr\u00e9 de 29,50 m de c\u00f4t\u00e9. A l&rsquo;est, se trouvait l&rsquo;habitation des moines. L&rsquo;aile sud du clo\u00eetre devait comporter un petit local qui \u00e9tait habituellement le seul endroit chauff\u00e9.<\/p>\n<p style=\"text-align: justify;\">L&rsquo;\u00e9glise, ce qu&rsquo;il en reste et ses diff\u00e9rents projets<\/p>\n<p style=\"text-align: justify;\"><strong>L&rsquo;\u00e9glise est le seul \u00e9l\u00e9ment du site monastique \u00e0 avoir \u00e9t\u00e9 conserv\u00e9. Elle fut construite au cours de cinq chantiers successifs qui ont dur\u00e9 soixante ans<\/strong> (voir la page arch\u00e9ologie).<\/p>\n<p style=\"text-align: justify;\"><strong>Premier projet:<\/strong> Les t\u00e9moins du premier projet ne se retrouvent que sous les ma\u00e7onneries constituant le croisillon sud du transept actuel. Il s&rsquo;agit de structures qui ont \u00e9t\u00e9 reprises comme fondement lors des \u00e9tapes ult\u00e9rieures de l&rsquo;\u00e9dification du croisillon.<\/p>\n<p style=\"text-align: justify;\"><strong>Deuxi\u00e8me projet:<\/strong> En \u00e9l\u00e9vation, les structures du deuxi\u00e8me projet changent de nature d\u00e8s une hauteur de 1,50 m au moins. Le deuxi\u00e8me projet n&rsquo;a vraisemblablement touch\u00e9 que le b\u00e2timent conventuel.<\/p>\n<p style=\"text-align: justify;\"><strong>Troisi\u00e8me projet:<\/strong> Ce troisi\u00e8me projet est incontestablement de type bernardin. S&rsquo;il avait \u00e9t\u00e9 r\u00e9alis\u00e9, il aurait peu diff\u00e9r\u00e9 de celui de l&rsquo;\u00e9glise actuelle.<\/p>\n<p style=\"text-align: justify;\"><strong>Quatri\u00e8me et cinqui\u00e8me projets<\/strong>: La totalit\u00e9 des fondations est utilis\u00e9e pour \u00e9difier le b\u00e2timent constituant l&rsquo;\u00e9glise actuelle. Lors du 4e projet, on utilise essentiellement un calcaire gris\u00e2tre et tendre fa\u00e7onn\u00e9 \u00e0 la laie. Dans les structures du 5e projet, nous retrouvons ce m\u00eame mat\u00e9riau, domin\u00e9 toutefois par un calcaire blanc et dur.<span id=\"transmark\" style=\"display: none; width: 0px; height: 0px;\"><\/span><\/p>\n<p>[\/et_pb_text][\/et_pb_column][\/et_pb_row][et_pb_row admin_label=\u00a0\u00bbLigne\u00a0\u00bb][et_pb_column type=\u00a0\u00bb4_4&Prime;][et_pb_text admin_label=\u00a0\u00bbTexte\u00a0\u00bb background_layout=\u00a0\u00bblight\u00a0\u00bb text_orientation=\u00a0\u00bbleft\u00a0\u00bb use_border_color=\u00a0\u00bboff\u00a0\u00bb border_color=\u00a0\u00bb#ffffff\u00a0\u00bb border_style=\u00a0\u00bbsolid\u00a0\u00bb]<\/p>\n<p><img decoding=\"async\" loading=\"lazy\" class=\"aligncenter size-full wp-image-2239\" src=\"http:\/\/www.probonomonte.ch\/PBM-wp\/wp-content\/uploads\/2016\/10\/archeologie_site2-f.jpg\" alt=\"archeologie_site2-f\" width=\"932\" height=\"632\" srcset=\"https:\/\/www.probonomonte.ch\/PBM-wp\/wp-content\/uploads\/2016\/10\/archeologie_site2-f.jpg 932w, https:\/\/www.probonomonte.ch\/PBM-wp\/wp-content\/uploads\/2016\/10\/archeologie_site2-f-600x407.jpg 600w, https:\/\/www.probonomonte.ch\/PBM-wp\/wp-content\/uploads\/2016\/10\/archeologie_site2-f-768x521.jpg 768w\" sizes=\"(max-width: 932px) 100vw, 932px\" \/><span id=\"transmark\" style=\"display: none; width: 0px; height: 0px;\"><\/span><\/p>\n<p>[\/et_pb_text][\/et_pb_column][\/et_pb_row][et_pb_row admin_label=\u00a0\u00bbLigne\u00a0\u00bb][et_pb_column type=\u00a0\u00bb1_2&Prime;][et_pb_text admin_label=\u00a0\u00bbTexte\u00a0\u00bb background_layout=\u00a0\u00bblight\u00a0\u00bb text_orientation=\u00a0\u00bbleft\u00a0\u00bb use_border_color=\u00a0\u00bboff\u00a0\u00bb border_color=\u00a0\u00bb#ffffff\u00a0\u00bb border_style=\u00a0\u00bbsolid\u00a0\u00bb]<\/p>\n<p><img decoding=\"async\" loading=\"lazy\" class=\"aligncenter size-full wp-image-2244\" src=\"http:\/\/www.probonomonte.ch\/PBM-wp\/wp-content\/uploads\/2016\/10\/architecture_f1.png\" alt=\"architecture_f1\" width=\"584\" height=\"232\" \/><\/p>\n<p>[\/et_pb_text][\/et_pb_column][et_pb_column type=\u00a0\u00bb1_2&Prime;][et_pb_text admin_label=\u00a0\u00bbTexte\u00a0\u00bb background_layout=\u00a0\u00bblight\u00a0\u00bb text_orientation=\u00a0\u00bbleft\u00a0\u00bb use_border_color=\u00a0\u00bboff\u00a0\u00bb border_color=\u00a0\u00bb#ffffff\u00a0\u00bb border_style=\u00a0\u00bbsolid\u00a0\u00bb]<\/p>\n<h2 style=\"text-align: center;\"><\/h2>\n<h2 style=\"text-align: center;\">\u00a0 \u00a0<span id=\"transmark\" style=\"display: none; width: 0px; height: 0px;\"><\/span><\/h2>\n<p>&nbsp;<\/p>\n<h2 style=\"text-align: center;\"><em>arch\u00e9ologie<\/em><\/h2>\n<p>[\/et_pb_text][\/et_pb_column][\/et_pb_row][\/et_pb_section]<\/p>\n","protected":false},"excerpt":{"rendered":"<p>L&rsquo;\u00e9glise L&rsquo;abbaye d\u00e8s le XIIe et le XIIIe si\u00e9cle Le clo\u00eetre et les b\u00e2timents conventuels: La plus grande partie des b\u00e2timents conventuels a disparu mais gr\u00e2ce aux recherches, les structures conserv\u00e9es dans le sous-sol ont \u00e9t\u00e9 d\u00e9gag\u00e9es. N\u00e9anmoins, nos connaissances sont encore incompl\u00e8tes. C&rsquo;est \u00e0 l&rsquo;int\u00e9rieur de la cl\u00f4ture que les moines devaient passer la [&hellip;]<\/p>\n","protected":false},"author":2,"featured_media":0,"parent":74,"menu_order":2,"comment_status":"closed","ping_status":"closed","template":"","meta":{"_et_pb_use_builder":"on","_et_pb_old_content":"<p style=\"text-align: center;\"><a href=\"http:\/\/www.probonomonte.ch\/PBM-wp\/wp-content\/uploads\/2014\/02\/archeologie_site2.png\"><img class=\"size-large wp-image-430 aligncenter\" src=\"http:\/\/www.probonomonte.ch\/PBM-wp\/wp-content\/uploads\/2014\/02\/archeologie_site2-522x1024.png\" alt=\"archeologie_site2\" width=\"522\" height=\"1024\" \/><\/a><\/p>","_et_gb_content_width":""},"_links":{"self":[{"href":"https:\/\/www.probonomonte.ch\/PBM-wp\/wp-json\/wp\/v2\/pages\/191"}],"collection":[{"href":"https:\/\/www.probonomonte.ch\/PBM-wp\/wp-json\/wp\/v2\/pages"}],"about":[{"href":"https:\/\/www.probonomonte.ch\/PBM-wp\/wp-json\/wp\/v2\/types\/page"}],"author":[{"embeddable":true,"href":"https:\/\/www.probonomonte.ch\/PBM-wp\/wp-json\/wp\/v2\/users\/2"}],"replies":[{"embeddable":true,"href":"https:\/\/www.probonomonte.ch\/PBM-wp\/wp-json\/wp\/v2\/comments?post=191"}],"version-history":[{"count":0,"href":"https:\/\/www.probonomonte.ch\/PBM-wp\/wp-json\/wp\/v2\/pages\/191\/revisions"}],"up":[{"embeddable":true,"href":"https:\/\/www.probonomonte.ch\/PBM-wp\/wp-json\/wp\/v2\/pages\/74"}],"wp:attachment":[{"href":"https:\/\/www.probonomonte.ch\/PBM-wp\/wp-json\/wp\/v2\/media?parent=191"}],"curies":[{"name":"wp","href":"https:\/\/api.w.org\/{rel}","templated":true}]}}