{"id":187,"date":"2013-09-16T09:11:21","date_gmt":"2013-09-16T07:11:21","guid":{"rendered":"http:\/\/www.probonomonte.ch\/PBM-wp\/?page_id=187"},"modified":"2016-12-15T11:40:51","modified_gmt":"2016-12-15T10:40:51","slug":"acoustique","status":"publish","type":"page","link":"https:\/\/www.probonomonte.ch\/PBM-wp\/histoire-de-labbaye\/architecture-anglais\/acoustique\/","title":{"rendered":"Acoustique"},"content":{"rendered":"<p>[et_pb_section admin_label=\u00a0\u00bbsection\u00a0\u00bb fullwidth=\u00a0\u00bboff\u00a0\u00bb specialty=\u00a0\u00bboff\u00a0\u00bb background_color=\u00a0\u00bb#303030&Prime; inner_shadow=\u00a0\u00bboff\u00a0\u00bb parallax=\u00a0\u00bboff\u00a0\u00bb parallax_method=\u00a0\u00bboff\u00a0\u00bb transparent_background=\u00a0\u00bboff\u00a0\u00bb allow_player_pause=\u00a0\u00bboff\u00a0\u00bb padding_mobile=\u00a0\u00bboff\u00a0\u00bb make_fullwidth=\u00a0\u00bboff\u00a0\u00bb use_custom_width=\u00a0\u00bboff\u00a0\u00bb width_unit=\u00a0\u00bbon\u00a0\u00bb make_equal=\u00a0\u00bboff\u00a0\u00bb use_custom_gutter=\u00a0\u00bboff\u00a0\u00bb][et_pb_row admin_label=\u00a0\u00bbrow\u00a0\u00bb][et_pb_column type=\u00a0\u00bb4_4&Prime;][et_pb_text admin_label=\u00a0\u00bbText\u00a0\u00bb background_layout=\u00a0\u00bbdark\u00a0\u00bb text_orientation=\u00a0\u00bbcenter\u00a0\u00bb use_border_color=\u00a0\u00bboff\u00a0\u00bb border_color=\u00a0\u00bb#ffffff\u00a0\u00bb border_style=\u00a0\u00bbsolid\u00a0\u00bb]<\/p>\n<h1 style=\"text-align: center;\"><span style=\"color: #99460f;\"><span style=\"color: #ffffff;\">Acoustique<\/span><span id=\"transmark\" style=\"display: none; width: 0px; height: 0px;\"><\/span><\/span><\/h1>\n<p>[\/et_pb_text][\/et_pb_column][\/et_pb_row][\/et_pb_section][et_pb_section admin_label=\u00a0\u00bbSection\u00a0\u00bb fullwidth=\u00a0\u00bboff\u00a0\u00bb specialty=\u00a0\u00bboff\u00a0\u00bb][et_pb_row admin_label=\u00a0\u00bbLigne\u00a0\u00bb][et_pb_column type=\u00a0\u00bb1_2&Prime;][et_pb_text admin_label=\u00a0\u00bbTexte\u00a0\u00bb background_layout=\u00a0\u00bblight\u00a0\u00bb text_orientation=\u00a0\u00bbleft\u00a0\u00bb use_border_color=\u00a0\u00bboff\u00a0\u00bb border_color=\u00a0\u00bb#ffffff\u00a0\u00bb border_style=\u00a0\u00bbsolid\u00a0\u00bb]<\/p>\n<h1 style=\"text-align: center;\"><em><span style=\"color: #993300;\">L&rsquo; Acoustique<\/span><span id=\"transmark\" style=\"display: none; width: 0px; height: 0px;\"><\/span><\/em><\/h1>\n<p>[\/et_pb_text][\/et_pb_column][et_pb_column type=\u00a0\u00bb1_2&Prime;][et_pb_text admin_label=\u00a0\u00bbTexte\u00a0\u00bb background_layout=\u00a0\u00bblight\u00a0\u00bb text_orientation=\u00a0\u00bbleft\u00a0\u00bb use_border_color=\u00a0\u00bboff\u00a0\u00bb border_color=\u00a0\u00bb#ffffff\u00a0\u00bb border_style=\u00a0\u00bbsolid\u00a0\u00bb]<\/p>\n<p><img decoding=\"async\" loading=\"lazy\" class=\"aligncenter size-full wp-image-2244\" src=\"http:\/\/www.probonomonte.ch\/PBM-wp\/wp-content\/uploads\/2016\/10\/architecture_f1.png\" alt=\"architecture_f1\" width=\"584\" height=\"232\" \/><\/p>\n<p>[\/et_pb_text][\/et_pb_column][\/et_pb_row][\/et_pb_section][et_pb_section admin_label=\u00a0\u00bbsection\u00a0\u00bb][et_pb_row admin_label=\u00a0\u00bbrow\u00a0\u00bb][et_pb_column type=\u00a0\u00bb4_4&Prime;][et_pb_text admin_label=\u00a0\u00bbText\u00a0\u00bb background_layout=\u00a0\u00bblight\u00a0\u00bb text_orientation=\u00a0\u00bbleft\u00a0\u00bb use_border_color=\u00a0\u00bboff\u00a0\u00bb border_color=\u00a0\u00bb#ffffff\u00a0\u00bb border_style=\u00a0\u00bbsolid\u00a0\u00bb]<\/p>\n<h2><span style=\"color: #993300;\">Partie int\u00e9grante du monument<\/span><\/h2>\n<p style=\"text-align: justify;\">Retrouver l&rsquo;acoustique d&rsquo;origine de l&rsquo;abbaye fut l&rsquo;un des objectifs de la restauration. En effet, gr\u00e2ce \u00e0 cette restauration, il est aujourd&rsquo;hui possible d&rsquo;organiser des concerts dont l&rsquo;effet phonique est tr\u00e8s proche de l&rsquo;esprit de la musique de l&rsquo;\u00e9poque.<\/p>\n<p style=\"text-align: justify;\">Cette acoustique est tr\u00e8s particuli\u00e8re puisque la r\u00e9sonance du son est maintenue par un effet de rotation sonore dans la rondeur de la vo\u00fbte, puis il est enrichi par des harmoniques propres \u00e0 l&rsquo;\u00e9glise.<\/p>\n<p style=\"text-align: justify;\">Les chants gr\u00e9goriens, musique de l&rsquo;\u00e9poque de la construction de l&rsquo;\u00e9glise, sonnent magnifiquement dans cette \u00e9glise.<\/p>\n<p style=\"text-align: justify;\">En revanche, la musique de chambre du XVIIIe et XIXe si\u00e8cle, y sonne tr\u00e8s mal, la r\u00e9verb\u00e9ration acoustique de l&rsquo;\u00e9difice \u00e9tant beaucoup trop importante et ses harmonies changeant trop rapidement pour souffrir d\u2019\u00eatre superpos\u00e9es par la r\u00e9sonance.<br \/>\nCette acoustique, si particuli\u00e8re, fait donc partie int\u00e9grante du monument.<span id=\"transmark\" style=\"display: none; width: 0px; height: 0px;\"><\/span><\/p>\n<p>[\/et_pb_text][\/et_pb_column][\/et_pb_row][et_pb_row admin_label=\u00a0\u00bbLigne\u00a0\u00bb][et_pb_column type=\u00a0\u00bb4_4&Prime;][et_pb_text admin_label=\u00a0\u00bbTexte\u00a0\u00bb background_layout=\u00a0\u00bblight\u00a0\u00bb text_orientation=\u00a0\u00bbleft\u00a0\u00bb use_border_color=\u00a0\u00bboff\u00a0\u00bb border_color=\u00a0\u00bb#ffffff\u00a0\u00bb border_style=\u00a0\u00bbsolid\u00a0\u00bb]<\/p>\n<p><img decoding=\"async\" loading=\"lazy\" class=\"aligncenter size-full wp-image-51\" src=\"http:\/\/www.probonomonte.ch\/PBM-wp\/wp-content\/uploads\/2013\/09\/Abbatiale-Int3.jpeg\" alt=\"Abbatiale Int3\" width=\"500\" height=\"375\" srcset=\"https:\/\/www.probonomonte.ch\/PBM-wp\/wp-content\/uploads\/2013\/09\/Abbatiale-Int3.jpeg 500w, https:\/\/www.probonomonte.ch\/PBM-wp\/wp-content\/uploads\/2013\/09\/Abbatiale-Int3-300x225.jpeg 300w\" sizes=\"(max-width: 500px) 100vw, 500px\" \/><\/p>\n<p>[\/et_pb_text][\/et_pb_column][\/et_pb_row][\/et_pb_section]<\/p>\n","protected":false},"excerpt":{"rendered":"<p>Acoustique L&rsquo; Acoustique Partie int\u00e9grante du monument Retrouver l&rsquo;acoustique d&rsquo;origine de l&rsquo;abbaye fut l&rsquo;un des objectifs de la restauration. En effet, gr\u00e2ce \u00e0 cette restauration, il est aujourd&rsquo;hui possible d&rsquo;organiser des concerts dont l&rsquo;effet phonique est tr\u00e8s proche de l&rsquo;esprit de la musique de l&rsquo;\u00e9poque. Cette acoustique est tr\u00e8s particuli\u00e8re puisque la r\u00e9sonance du son [&hellip;]<\/p>\n","protected":false},"author":2,"featured_media":0,"parent":83,"menu_order":1,"comment_status":"closed","ping_status":"closed","template":"","meta":{"_et_pb_use_builder":"on","_et_pb_old_content":"<p style=\"text-align: center;\"><a href=\"http:\/\/www.probonomonte.ch\/PBM-wp\/wp-content\/uploads\/2014\/02\/architecture_site2.png\"><img class=\"size-large wp-image-423 aligncenter\" src=\"http:\/\/www.probonomonte.ch\/PBM-wp\/wp-content\/uploads\/2014\/02\/architecture_site2-534x1024.png\" alt=\"architecture_site2\" width=\"534\" height=\"1024\" \/><\/a><\/p>","_et_gb_content_width":""},"_links":{"self":[{"href":"https:\/\/www.probonomonte.ch\/PBM-wp\/wp-json\/wp\/v2\/pages\/187"}],"collection":[{"href":"https:\/\/www.probonomonte.ch\/PBM-wp\/wp-json\/wp\/v2\/pages"}],"about":[{"href":"https:\/\/www.probonomonte.ch\/PBM-wp\/wp-json\/wp\/v2\/types\/page"}],"author":[{"embeddable":true,"href":"https:\/\/www.probonomonte.ch\/PBM-wp\/wp-json\/wp\/v2\/users\/2"}],"replies":[{"embeddable":true,"href":"https:\/\/www.probonomonte.ch\/PBM-wp\/wp-json\/wp\/v2\/comments?post=187"}],"version-history":[{"count":0,"href":"https:\/\/www.probonomonte.ch\/PBM-wp\/wp-json\/wp\/v2\/pages\/187\/revisions"}],"up":[{"embeddable":true,"href":"https:\/\/www.probonomonte.ch\/PBM-wp\/wp-json\/wp\/v2\/pages\/83"}],"wp:attachment":[{"href":"https:\/\/www.probonomonte.ch\/PBM-wp\/wp-json\/wp\/v2\/media?parent=187"}],"curies":[{"name":"wp","href":"https:\/\/api.w.org\/{rel}","templated":true}]}}