{"id":184,"date":"2013-09-15T10:19:32","date_gmt":"2013-09-15T08:19:32","guid":{"rendered":"http:\/\/www.probonomonte.ch\/PBM-wp\/?page_id=184"},"modified":"2016-12-15T11:44:04","modified_gmt":"2016-12-15T10:44:04","slug":"vitraux","status":"publish","type":"page","link":"https:\/\/www.probonomonte.ch\/PBM-wp\/histoire-de-labbaye\/architecture-anglais\/vitraux\/","title":{"rendered":"Vitraux"},"content":{"rendered":"<p>[et_pb_section admin_label=\u00a0\u00bbsection\u00a0\u00bb fullwidth=\u00a0\u00bboff\u00a0\u00bb specialty=\u00a0\u00bboff\u00a0\u00bb background_color=\u00a0\u00bb#303030&Prime; inner_shadow=\u00a0\u00bboff\u00a0\u00bb parallax=\u00a0\u00bboff\u00a0\u00bb parallax_method=\u00a0\u00bboff\u00a0\u00bb transparent_background=\u00a0\u00bboff\u00a0\u00bb allow_player_pause=\u00a0\u00bboff\u00a0\u00bb padding_mobile=\u00a0\u00bboff\u00a0\u00bb make_fullwidth=\u00a0\u00bboff\u00a0\u00bb use_custom_width=\u00a0\u00bboff\u00a0\u00bb width_unit=\u00a0\u00bbon\u00a0\u00bb make_equal=\u00a0\u00bboff\u00a0\u00bb use_custom_gutter=\u00a0\u00bboff\u00a0\u00bb][et_pb_row admin_label=\u00a0\u00bbrow\u00a0\u00bb][et_pb_column type=\u00a0\u00bb4_4&Prime;][et_pb_text admin_label=\u00a0\u00bbText\u00a0\u00bb background_layout=\u00a0\u00bbdark\u00a0\u00bb text_orientation=\u00a0\u00bbcenter\u00a0\u00bb]<\/p>\n<h1 style=\"text-align: center;\">Architecture<\/h1>\n<p>[\/et_pb_text][\/et_pb_column][\/et_pb_row][\/et_pb_section][et_pb_section admin_label=\u00a0\u00bbSection\u00a0\u00bb fullwidth=\u00a0\u00bboff\u00a0\u00bb specialty=\u00a0\u00bboff\u00a0\u00bb transparent_background=\u00a0\u00bboff\u00a0\u00bb allow_player_pause=\u00a0\u00bboff\u00a0\u00bb inner_shadow=\u00a0\u00bboff\u00a0\u00bb parallax=\u00a0\u00bboff\u00a0\u00bb parallax_method=\u00a0\u00bboff\u00a0\u00bb padding_mobile=\u00a0\u00bboff\u00a0\u00bb make_fullwidth=\u00a0\u00bboff\u00a0\u00bb use_custom_width=\u00a0\u00bboff\u00a0\u00bb width_unit=\u00a0\u00bbon\u00a0\u00bb make_equal=\u00a0\u00bboff\u00a0\u00bb use_custom_gutter=\u00a0\u00bboff\u00a0\u00bb][et_pb_row admin_label=\u00a0\u00bbLigne\u00a0\u00bb][et_pb_column type=\u00a0\u00bb1_2&Prime;][et_pb_text admin_label=\u00a0\u00bbTexte\u00a0\u00bb background_layout=\u00a0\u00bblight\u00a0\u00bb text_orientation=\u00a0\u00bbleft\u00a0\u00bb use_border_color=\u00a0\u00bboff\u00a0\u00bb border_color=\u00a0\u00bb#ffffff\u00a0\u00bb border_style=\u00a0\u00bbsolid\u00a0\u00bb]<\/p>\n<p><img decoding=\"async\" loading=\"lazy\" class=\"aligncenter size-full wp-image-2242\" src=\"http:\/\/www.probonomonte.ch\/PBM-wp\/wp-content\/uploads\/2016\/10\/architecture_site3-f.png\" alt=\"architecture_site3-f\" width=\"442\" height=\"406\" \/><\/p>\n<p>[\/et_pb_text][\/et_pb_column][et_pb_column type=\u00a0\u00bb1_2&Prime;][et_pb_image admin_label=\u00a0\u00bbImage\u00a0\u00bb src=\u00a0\u00bbhttp:\/\/www.probonomonte.ch\/PBM-wp\/wp-content\/uploads\/2016\/10\/architecture_f1.png\u00a0\u00bb show_in_lightbox=\u00a0\u00bboff\u00a0\u00bb url_new_window=\u00a0\u00bboff\u00a0\u00bb use_overlay=\u00a0\u00bboff\u00a0\u00bb animation=\u00a0\u00bbleft\u00a0\u00bb sticky=\u00a0\u00bboff\u00a0\u00bb align=\u00a0\u00bbleft\u00a0\u00bb force_fullwidth=\u00a0\u00bboff\u00a0\u00bb always_center_on_mobile=\u00a0\u00bbon\u00a0\u00bb use_border_color=\u00a0\u00bboff\u00a0\u00bb border_color=\u00a0\u00bb#ffffff\u00a0\u00bb border_style=\u00a0\u00bbsolid\u00a0\u00bb custom_margin=\u00a0\u00bb200px|||\u00a0\u00bb] [\/et_pb_image][et_pb_text admin_label=\u00a0\u00bbTexte\u00a0\u00bb background_layout=\u00a0\u00bblight\u00a0\u00bb text_orientation=\u00a0\u00bbleft\u00a0\u00bb use_border_color=\u00a0\u00bboff\u00a0\u00bb border_color=\u00a0\u00bb#ffffff\u00a0\u00bb border_style=\u00a0\u00bbsolid\u00a0\u00bb]<\/p>\n<h1 style=\"text-align: center;\"><em>architecture<\/em><span id=\"transmark\" style=\"display: none; width: 0px; height: 0px;\"><\/span><\/h1>\n<p>&nbsp;<\/p>\n<p>[\/et_pb_text][\/et_pb_column][\/et_pb_row][et_pb_row admin_label=\u00a0\u00bbLigne\u00a0\u00bb][et_pb_column type=\u00a0\u00bb4_4&Prime;][et_pb_text admin_label=\u00a0\u00bbTexte\u00a0\u00bb background_layout=\u00a0\u00bblight\u00a0\u00bb text_orientation=\u00a0\u00bbleft\u00a0\u00bb use_border_color=\u00a0\u00bboff\u00a0\u00bb border_color=\u00a0\u00bb#ffffff\u00a0\u00bb border_style=\u00a0\u00bbsolid\u00a0\u00bb]<\/p>\n<p style=\"text-align: justify;\">C&rsquo;est \u00e0 la suite d&rsquo;un concours organis\u00e9 par l&rsquo;Etat de Vaud qu&rsquo;Anne et Guy Le Chevalier r\u00e9alis\u00e8rent les vitraux entre 1986 et 1989. Ils ont tent\u00e9 de recr\u00e9er, sans les imiter, l&rsquo;effet des vitraux \u00e0 formes g\u00e9om\u00e9triques de style cistercien.<\/p>\n<p style=\"text-align: justify;\">Ces vitraux t\u00e9moignent d&rsquo;une extr\u00eame \u00e9conomie de moyens, tout en grisaille, ce travail se fonde sur la technique de la gravure: des verres antiques doubl\u00e9s, d\u00e9clin\u00e9s sur une gamme subtile de gris \u2013 bleut\u00e9s, violac\u00e9s, verd\u00e2tres- sont grav\u00e9s \u00e0 l&rsquo;acide afin de m\u00e9nager un jeu de valeurs entre le blanc et les parties \u00e9pargn\u00e9es.<\/p>\n<p style=\"text-align: justify;\">La superposition pr\u00e9cise, aux d\u00e9coupures fines et ramifi\u00e9es, permet de moduler la r\u00e9partition et l&rsquo;intensit\u00e9 de la lumi\u00e8re, suivant l&rsquo;orientation g\u00e9ographique des ouvertures.<\/p>\n<p style=\"text-align: justify;\">Si elle absorbe le trop-plein de soleil, elle sait aussi diffuser l&rsquo;\u00e9clat de jour quand celui-ci diminue.<span id=\"transmark\" style=\"display: none; width: 0px; height: 0px;\"><\/span><\/p>\n<p>[\/et_pb_text][et_pb_text admin_label=\u00a0\u00bbTexte\u00a0\u00bb background_layout=\u00a0\u00bblight\u00a0\u00bb text_orientation=\u00a0\u00bbleft\u00a0\u00bb use_border_color=\u00a0\u00bboff\u00a0\u00bb border_color=\u00a0\u00bb#ffffff\u00a0\u00bb border_style=\u00a0\u00bbsolid\u00a0\u00bb]<\/p>\n<p><img decoding=\"async\" loading=\"lazy\" class=\"aligncenter size-full wp-image-2237\" src=\"http:\/\/www.probonomonte.ch\/PBM-wp\/wp-content\/uploads\/2016\/10\/architecture_site3-f.jpg\" alt=\"architecture_site3-f\" width=\"976\" height=\"422\" srcset=\"https:\/\/www.probonomonte.ch\/PBM-wp\/wp-content\/uploads\/2016\/10\/architecture_site3-f.jpg 976w, https:\/\/www.probonomonte.ch\/PBM-wp\/wp-content\/uploads\/2016\/10\/architecture_site3-f-600x259.jpg 600w, https:\/\/www.probonomonte.ch\/PBM-wp\/wp-content\/uploads\/2016\/10\/architecture_site3-f-768x332.jpg 768w\" sizes=\"(max-width: 976px) 100vw, 976px\" \/><\/p>\n<p>[\/et_pb_text][\/et_pb_column][\/et_pb_row][\/et_pb_section]<\/p>\n","protected":false},"excerpt":{"rendered":"<p>Architecture architecture &nbsp; C&rsquo;est \u00e0 la suite d&rsquo;un concours organis\u00e9 par l&rsquo;Etat de Vaud qu&rsquo;Anne et Guy Le Chevalier r\u00e9alis\u00e8rent les vitraux entre 1986 et 1989. Ils ont tent\u00e9 de recr\u00e9er, sans les imiter, l&rsquo;effet des vitraux \u00e0 formes g\u00e9om\u00e9triques de style cistercien. Ces vitraux t\u00e9moignent d&rsquo;une extr\u00eame \u00e9conomie de moyens, tout en grisaille, ce [&hellip;]<\/p>\n","protected":false},"author":2,"featured_media":0,"parent":83,"menu_order":2,"comment_status":"closed","ping_status":"closed","template":"","meta":{"_et_pb_use_builder":"on","_et_pb_old_content":"<p><a href=\"http:\/\/www.probonomonte.ch\/PBM-wp\/wp-content\/uploads\/2014\/02\/architecture_site3.png\"><img class=\"alignnone size-large wp-image-424\" src=\"http:\/\/www.probonomonte.ch\/PBM-wp\/wp-content\/uploads\/2014\/02\/architecture_site3-520x1024.png\" alt=\"architecture_site3\" width=\"520\" height=\"1024\" \/><\/a><\/p>","_et_gb_content_width":""},"_links":{"self":[{"href":"https:\/\/www.probonomonte.ch\/PBM-wp\/wp-json\/wp\/v2\/pages\/184"}],"collection":[{"href":"https:\/\/www.probonomonte.ch\/PBM-wp\/wp-json\/wp\/v2\/pages"}],"about":[{"href":"https:\/\/www.probonomonte.ch\/PBM-wp\/wp-json\/wp\/v2\/types\/page"}],"author":[{"embeddable":true,"href":"https:\/\/www.probonomonte.ch\/PBM-wp\/wp-json\/wp\/v2\/users\/2"}],"replies":[{"embeddable":true,"href":"https:\/\/www.probonomonte.ch\/PBM-wp\/wp-json\/wp\/v2\/comments?post=184"}],"version-history":[{"count":0,"href":"https:\/\/www.probonomonte.ch\/PBM-wp\/wp-json\/wp\/v2\/pages\/184\/revisions"}],"up":[{"embeddable":true,"href":"https:\/\/www.probonomonte.ch\/PBM-wp\/wp-json\/wp\/v2\/pages\/83"}],"wp:attachment":[{"href":"https:\/\/www.probonomonte.ch\/PBM-wp\/wp-json\/wp\/v2\/media?parent=184"}],"curies":[{"name":"wp","href":"https:\/\/api.w.org\/{rel}","templated":true}]}}