{"id":1672,"date":"2015-08-01T17:30:52","date_gmt":"2015-08-01T15:30:52","guid":{"rendered":"http:\/\/www.probonomonte.ch\/PBM-wp\/?page_id=1672"},"modified":"2015-08-01T18:24:24","modified_gmt":"2015-08-01T16:24:24","slug":"le-madrigal-du-jorat","status":"publish","type":"page","link":"https:\/\/www.probonomonte.ch\/PBM-wp\/le-madrigal-du-jorat\/","title":{"rendered":"Le Madrigal du Jorat"},"content":{"rendered":"<p>[et_pb_section fullwidth=\u00a0\u00bboff\u00a0\u00bb specialty=\u00a0\u00bboff\u00a0\u00bb background_image=\u00a0\u00bbhttp:\/\/www.probonomonte.ch\/PBM-wp\/wp-content\/uploads\/2014\/05\/i_02_troubadour02.jpg\u00a0\u00bb background_color=\u00a0\u00bb#ffffff\u00a0\u00bb inner_shadow=\u00a0\u00bboff\u00a0\u00bb parallax=\u00a0\u00bboff\u00a0\u00bb parallax_method=\u00a0\u00bbcss\u00a0\u00bb][et_pb_row][et_pb_column type=\u00a0\u00bb4_4&Prime;][et_pb_text admin_label=\u00a0\u00bbText\u00a0\u00bb background_layout=\u00a0\u00bbdark\u00a0\u00bb text_orientation=\u00a0\u00bbcenter\u00a0\u00bb use_border_color=\u00a0\u00bboff\u00a0\u00bb border_color=\u00a0\u00bb#ffffff\u00a0\u00bb border_style=\u00a0\u00bbsolid\u00a0\u00bb]<\/p>\n<h1 style=\"text-align: center;\"><span style=\"color: #ffffff;\">Le Madrigal du Jorat<\/span><\/h1>\n<h1 style=\"text-align: center;\"><span style=\"color: #ffffff;\"><br \/>\n<\/span><\/h1>\n<p>[\/et_pb_text][\/et_pb_column][\/et_pb_row][\/et_pb_section][et_pb_section background_color=\u00a0\u00bb#ffffff\u00a0\u00bb inner_shadow=\u00a0\u00bboff\u00a0\u00bb parallax=\u00a0\u00bboff\u00a0\u00bb parallax_method=\u00a0\u00bbcss\u00a0\u00bb background_image=\u00a0\u00bbhttp:\/\/www.probonomonte.ch\/PBM-wp\/wp-content\/uploads\/2013\/10\/DSC_2204-f.jpg\u00a0\u00bb][et_pb_row][et_pb_column type=\u00a0\u00bb4_4&Prime;][et_pb_text admin_label=\u00a0\u00bbText\u00a0\u00bb background_layout=\u00a0\u00bbdark\u00a0\u00bb text_orientation=\u00a0\u00bbcenter\u00a0\u00bb use_border_color=\u00a0\u00bboff\u00a0\u00bb border_color=\u00a0\u00bb#ffffff\u00a0\u00bb border_style=\u00a0\u00bbsolid\u00a0\u00bb]<\/p>\n<p style=\"text-align: justify;\">Le Madrigal du Jorat est n\u00e9 en 1994 du d\u00e9sir de son chef actuel, Andr\u00e9 DENYS, de cr\u00e9er un ensemble vocal ax\u00e9 principalement sur la qualit\u00e9 d\u2019interpr\u00e9tation tout en nuance et en finesse.<\/p>\n<p style=\"text-align: justify;\">Il r\u00e9unit une vingtaine de chanteurs d\u2019horizons divers qui se retrouvent tous les jeudis soirs au c\u0153ur du Jorat, \u00e0 Ferlens, village situ\u00e9 au nord de Lausanne.<\/p>\n<p style=\"text-align: justify;\">Son r\u00e9pertoire, qui va de la Renaissance \u00e0 nos jours, se compose aussi bien de pi\u00e8ces sacr\u00e9es que de chants populaires.<\/p>\n<p style=\"text-align: justify;\">Tout au long de l\u2019ann\u00e9e, il donne une dizaine de concerts en collaborant volontiers avec d\u2019autres ensembles musicaux (ch\u0153urs ou instrumentistes).<\/p>\n<p style=\"text-align: justify;\">Voyages \u00e0 l\u2019\u00e9tranger, festivals, concours, la r\u00e9alisation d\u2019une cr\u00e9ation chorale, engagements aux nocturnes de No\u00ebl \u00e0 Lausanne ont d\u00e9j\u00e0 combl\u00e9 le Madrigal.<\/p>\n<p style=\"text-align: justify;\">Pour celui-ci, la valeur premi\u00e8re est la recherche constante d\u2019un riche \u00e9quilibre entre couleur vocale et fusion des voix. Dans ce souci de perfection, il fait appel r\u00e9guli\u00e8rement aux services d\u2019Anne Ramoni (professeur de chant et soliste) pour ses connaissances d\u00e9velopp\u00e9es de la culture vocale.<\/p>\n<p style=\"text-align: justify;\">Au Madrigal, le chant et l\u2019amiti\u00e9 se pratiquent de mani\u00e8re intensive, la pr\u00e9cision et la couleur vocale restant, pour les chanteurs et leur directeur, la valeur premi\u00e8re.<\/p>\n<p>[\/et_pb_text][et_pb_video admin_label=\u00a0\u00bbVid\u00e9o\u00a0\u00bb src=\u00a0\u00bbhttp:\/\/www.probonomonte.ch\/PBM-wp\/wp-content\/uploads\/2015\/08\/IMG_04261.mp41.mp4&Prime; \/][\/et_pb_column][\/et_pb_row][\/et_pb_section]<\/p>\n","protected":false},"excerpt":{"rendered":"<p><div class=\"et_pb_row et_pb_row_0 et_pb_row_empty\">\n\t\t\t\t\n\t\t\t\t\n\t\t\t\t\n\t\t\t\t\n\t\t\t\t\n\t\t\t<\/div> Le Madrigal du Jorat <div class=\"et_pb_row et_pb_row_1 et_pb_row_empty\">\n\t\t\t\t\n\t\t\t\t\n\t\t\t\t\n\t\t\t\t\n\t\t\t\t\n\t\t\t<\/div> Le Madrigal du Jorat est n\u00e9 en 1994 du d\u00e9sir de son chef actuel, Andr\u00e9 DENYS, de cr\u00e9er un ensemble vocal ax\u00e9 principalement sur la qualit\u00e9 d\u2019interpr\u00e9tation tout en nuance et en finesse. Il r\u00e9unit une vingtaine de chanteurs d\u2019horizons divers qui se retrouvent tous les jeudis soirs au [&hellip;]<\/p>\n","protected":false},"author":2,"featured_media":0,"parent":0,"menu_order":0,"comment_status":"closed","ping_status":"closed","template":"","meta":{"_et_pb_use_builder":"on","_et_pb_old_content":"<p>[et_pb_section fullwidth=\"off\" specialty=\"off\" background_image=\"http:\/\/www.probonomonte.ch\/PBM-wp\/wp-content\/uploads\/2014\/05\/i_02_troubadour02.jpg\" background_color=\"#ffffff\" inner_shadow=\"off\" parallax=\"off\" parallax_method=\"css\"][et_pb_row][et_pb_column type=\"4_4\"][et_pb_text admin_label=\"Text\" background_layout=\"dark\" text_orientation=\"center\" use_border_color=\"off\" border_color=\"#ffffff\" border_style=\"solid\"]<\/p><h1 style=\"text-align: center;\"><span style=\"color: #ffffff;\">Le Madrigal du Jorat<\/span><\/h1><h1 style=\"text-align: center;\"><span style=\"color: #ffffff;\"><br \/> <\/span><\/h1><p>[\/et_pb_text][\/et_pb_column][\/et_pb_row][\/et_pb_section][et_pb_section background_color=\"#ffffff\" inner_shadow=\"off\" parallax=\"off\" parallax_method=\"css\" background_image=\"http:\/\/www.probonomonte.ch\/PBM-wp\/wp-content\/uploads\/2013\/10\/DSC_2204-f.jpg\"][et_pb_row][et_pb_column type=\"4_4\"][et_pb_text admin_label=\"Text\" background_layout=\"light\" text_orientation=\"center\" use_border_color=\"off\" border_color=\"#ffffff\" border_style=\"solid\"]<\/p><p style=\"text-align: justify;\">Le Madrigal du Jorat nous revient \u00e0 Bonmont. D\u00e9j\u00e0 au programme de la saison 2013 des Concerts de Bonmont, il revient avec le m\u00eame plaisir pour les choristes et pour nous les auditeurs.<\/p><p style=\"text-align: justify;\">Le Madrigal du Jorat est n\u00e9 en 1994 du d\u00e9sir de son chef actuel, Andr\u00e9 DENYS, de cr\u00e9er un ensemble vocal ax\u00e9 principalement sur la qualit\u00e9 d\u2019interpr\u00e9tation tout en nuance et en finesse.<\/p><p style=\"text-align: justify;\">Il r\u00e9unit une vingtaine de chanteurs d\u2019horizons divers qui se retrouvent tous les jeudis soirs au c\u0153ur du Jorat, \u00e0 Ferlens, village situ\u00e9 au nord de Lausanne.<\/p><p style=\"text-align: justify;\">Son r\u00e9pertoire, qui va de la Renaissance \u00e0 nos jours, se compose aussi bien de pi\u00e8ces sacr\u00e9es que de chants populaires.<\/p><p style=\"text-align: justify;\">Tout au long de l\u2019ann\u00e9e, il donne une dizaine de concerts en collaborant volontiers avec d\u2019autres ensembles musicaux (ch\u0153urs ou instrumentistes).<\/p><p style=\"text-align: justify;\">Voyages \u00e0 l\u2019\u00e9tranger, festivals, concours, la r\u00e9alisation d\u2019une cr\u00e9ation chorale, engagements aux nocturnes de No\u00ebl \u00e0 Lausanne ont d\u00e9j\u00e0 combl\u00e9 le Madrigal.<\/p><p style=\"text-align: justify;\">Pour celui-ci, la valeur premi\u00e8re est la recherche constante d\u2019un riche \u00e9quilibre entre couleur vocale et fusion des voix. Dans ce souci de perfection, il fait appel r\u00e9guli\u00e8rement aux services d\u2019Anne Ramoni (professeur de chant et soliste) pour ses connaissances d\u00e9velopp\u00e9es de la culture vocale.<\/p><p style=\"text-align: justify;\">Au Madrigal, le chant et l\u2019amiti\u00e9 se pratiquent de mani\u00e8re intensive, la pr\u00e9cision et la couleur vocale restant, pour les chanteurs et leur directeur, la valeur premi\u00e8re.<\/p><p>[\/et_pb_text][et_pb_image admin_label=\"Image\" show_in_lightbox=\"off\" url_new_window=\"off\" animation=\"left\" sticky=\"off\"] [\/et_pb_image][\/et_pb_column][\/et_pb_row][\/et_pb_section]<\/p>","_et_gb_content_width":""},"_links":{"self":[{"href":"https:\/\/www.probonomonte.ch\/PBM-wp\/wp-json\/wp\/v2\/pages\/1672"}],"collection":[{"href":"https:\/\/www.probonomonte.ch\/PBM-wp\/wp-json\/wp\/v2\/pages"}],"about":[{"href":"https:\/\/www.probonomonte.ch\/PBM-wp\/wp-json\/wp\/v2\/types\/page"}],"author":[{"embeddable":true,"href":"https:\/\/www.probonomonte.ch\/PBM-wp\/wp-json\/wp\/v2\/users\/2"}],"replies":[{"embeddable":true,"href":"https:\/\/www.probonomonte.ch\/PBM-wp\/wp-json\/wp\/v2\/comments?post=1672"}],"version-history":[{"count":0,"href":"https:\/\/www.probonomonte.ch\/PBM-wp\/wp-json\/wp\/v2\/pages\/1672\/revisions"}],"wp:attachment":[{"href":"https:\/\/www.probonomonte.ch\/PBM-wp\/wp-json\/wp\/v2\/media?parent=1672"}],"curies":[{"name":"wp","href":"https:\/\/api.w.org\/{rel}","templated":true}]}}