{"id":1668,"date":"2015-08-01T17:20:36","date_gmt":"2015-08-01T15:20:36","guid":{"rendered":"http:\/\/www.probonomonte.ch\/PBM-wp\/?page_id=1668"},"modified":"2015-08-01T17:23:13","modified_gmt":"2015-08-01T15:23:13","slug":"gospel-spirit-geneve","status":"publish","type":"page","link":"https:\/\/www.probonomonte.ch\/PBM-wp\/gospel-spirit-geneve\/","title":{"rendered":"Gospel Spirit Gen\u00e8ve"},"content":{"rendered":"<p>[et_pb_section fullwidth=\u00a0\u00bboff\u00a0\u00bb specialty=\u00a0\u00bboff\u00a0\u00bb background_image=\u00a0\u00bbhttp:\/\/www.probonomonte.ch\/PBM-wp\/wp-content\/uploads\/2014\/05\/i_02_troubadour02.jpg\u00a0\u00bb background_color=\u00a0\u00bb#ffffff\u00a0\u00bb inner_shadow=\u00a0\u00bboff\u00a0\u00bb parallax=\u00a0\u00bboff\u00a0\u00bb parallax_method=\u00a0\u00bbcss\u00a0\u00bb][et_pb_row][et_pb_column type=\u00a0\u00bb4_4&Prime;][et_pb_text admin_label=\u00a0\u00bbText\u00a0\u00bb background_layout=\u00a0\u00bbdark\u00a0\u00bb text_orientation=\u00a0\u00bbcenter\u00a0\u00bb use_border_color=\u00a0\u00bboff\u00a0\u00bb border_color=\u00a0\u00bb#ffffff\u00a0\u00bb border_style=\u00a0\u00bbsolid\u00a0\u00bb]<\/p>\n<h1 style=\"text-align: center;\"><strong>Gospel Spirit Gen\u00e8ve<\/strong><\/h1>\n<h1 style=\"text-align: center;\"><span style=\"color: #ffffff;\"><br \/>\n<\/span><\/h1>\n<p>[\/et_pb_text][\/et_pb_column][\/et_pb_row][\/et_pb_section][et_pb_section background_color=\u00a0\u00bb#ffffff\u00a0\u00bb inner_shadow=\u00a0\u00bboff\u00a0\u00bb parallax=\u00a0\u00bboff\u00a0\u00bb parallax_method=\u00a0\u00bbcss\u00a0\u00bb background_image=\u00a0\u00bbhttp:\/\/www.probonomonte.ch\/PBM-wp\/wp-content\/uploads\/2013\/10\/DSC_2204-f.jpg\u00a0\u00bb][et_pb_row][et_pb_column type=\u00a0\u00bb4_4&Prime;][et_pb_text admin_label=\u00a0\u00bbText\u00a0\u00bb background_layout=\u00a0\u00bblight\u00a0\u00bb text_orientation=\u00a0\u00bbcenter\u00a0\u00bb use_border_color=\u00a0\u00bboff\u00a0\u00bb border_color=\u00a0\u00bb#ffffff\u00a0\u00bb border_style=\u00a0\u00bbsolid\u00a0\u00bb]<\/p>\n<p style=\"text-align: justify;\"><strong>Gospel Spirit<\/strong> forme un groupe soud\u00e9, soucieux d\u2019accueillir et d\u2019int\u00e9grer des nouveaux membres afin de partager avec eux son plaisir de chanter. Le r\u00e9pertoire est compos\u00e9 de negro spirituals, de chants gospel et de quelques chants choraux contemporains.<\/p>\n<p style=\"text-align: justify;\">Pour <strong>Gospel Spirit<\/strong>, le gospel, c\u2019est toute une attitude, un esprit. Ce sont des chants qui s\u2019adressent souvent \u00e0 un Dieu mais au del\u00e0 des mots, ce sont les \u00e9motions et cette transcendance qui sont recherch\u00e9es.<\/p>\n<p style=\"text-align: justify;\"><strong>Gospel Spirit<\/strong> a \u00e9t\u00e9 cr\u00e9\u00e9 en juillet 2005 \u00e0 la suite de la cessation d\u2019activit\u00e9s du Groupe Universitaire de Gospel (GUG). Quelques choristes du GUG ont d\u00e9cid\u00e9 de relever le d\u00e9fi de continuer cette belle histoire et, avec l\u2019aide d\u2019autres choristes ont trouv\u00e9 un jeune directeur, Alexandre F\u00fcrstenberg. Ensemble, ils ont form\u00e9 Gospel Spirit, un ch\u0153ur mixte compos\u00e9 d\u2019environ 40 choristes. Gospel Spirit est une association \u00e0 but non lucratif.<\/p>\n<p style=\"text-align: justify;\">Pendant une ann\u00e9e, Roberto Rega a remplac\u00e9 Alexandre F\u00fcrstenberg, parti poursuivre sa carri\u00e8re professionnelle outre-Atlantique. Puis c\u2019est Thomas Corminboeuf, musicien, com\u00e9dien et chanteur passionn\u00e9 qui a repris la direction pour que le ch\u0153ur continue son chemin vers de nouvelles aventures musicales. Apr\u00e8s 5 ann\u00e9es et de magnifiques prestations, Thomas Corminboeuf a d\u00e9cid\u00e9 de se concentrer sur le chant et a \u00e9t\u00e9 remplac\u00e9 \u00e0 la t\u00eate du ch\u0153ur par Jacqueline Savoyant. Elle apporte avec elle une exp\u00e9rience de pr\u00e8s de 30 ans de direction de ch\u0153ur et de chant.<\/p>\n<p style=\"text-align: justify;\"><strong>Gospel Spirit<\/strong> se produit lors d\u2019\u00e9v\u00e9nements vari\u00e9s, tels que mariages, bapt\u00eames, festivals musicaux ou autres occasions et a sorti, en 2007, son premier CD.<br \/>\nLe second CD ainsi qu\u2019un DVD, \u201cLive 2012\u2033, ont \u00e9t\u00e9 enregistr\u00e9s en septembre 2012.<\/p>\n<p>[\/et_pb_text][et_pb_text admin_label=\u00a0\u00bbTexte\u00a0\u00bb] [\/et_pb_text][\/et_pb_column][\/et_pb_row][\/et_pb_section]<\/p>\n","protected":false},"excerpt":{"rendered":"<p><div class=\"et_pb_row et_pb_row_0 et_pb_row_empty\">\n\t\t\t\t\n\t\t\t\t\n\t\t\t\t\n\t\t\t\t\n\t\t\t\t\n\t\t\t<\/div> Gospel Spirit Gen\u00e8ve <div class=\"et_pb_row et_pb_row_1 et_pb_row_empty\">\n\t\t\t\t\n\t\t\t\t\n\t\t\t\t\n\t\t\t\t\n\t\t\t\t\n\t\t\t<\/div> Gospel Spirit forme un groupe soud\u00e9, soucieux d\u2019accueillir et d\u2019int\u00e9grer des nouveaux membres afin de partager avec eux son plaisir de chanter. Le r\u00e9pertoire est compos\u00e9 de negro spirituals, de chants gospel et de quelques chants choraux contemporains. Pour Gospel Spirit, le gospel, c\u2019est toute une attitude, un esprit. Ce [&hellip;]<\/p>\n","protected":false},"author":2,"featured_media":0,"parent":0,"menu_order":0,"comment_status":"closed","ping_status":"closed","template":"","meta":{"_et_pb_use_builder":"on","_et_pb_old_content":"<p>[et_pb_section fullwidth=\"off\" specialty=\"off\" background_image=\"http:\/\/www.probonomonte.ch\/PBM-wp\/wp-content\/uploads\/2014\/05\/i_02_troubadour02.jpg\" background_color=\"#ffffff\" inner_shadow=\"off\" parallax=\"off\" parallax_method=\"css\"][et_pb_row][et_pb_column type=\"4_4\"][et_pb_text admin_label=\"Text\" background_layout=\"dark\" text_orientation=\"center\" use_border_color=\"off\" border_color=\"#ffffff\" border_style=\"solid\"]<\/p><h1 style=\"text-align: center;\"><strong>Gospel Spirit Gen\u00e8ve<\/strong><\/h1><h1 style=\"text-align: center;\"><span style=\"color: #ffffff;\">20 juin 2015<br \/> <\/span><\/h1><p>[\/et_pb_text][\/et_pb_column][\/et_pb_row][\/et_pb_section][et_pb_section background_color=\"#ffffff\" inner_shadow=\"off\" parallax=\"off\" parallax_method=\"css\" background_image=\"http:\/\/www.probonomonte.ch\/PBM-wp\/wp-content\/uploads\/2013\/10\/DSC_2204-f.jpg\"][et_pb_row][et_pb_column type=\"4_4\"][et_pb_text admin_label=\"Text\" background_layout=\"light\" text_orientation=\"center\" use_border_color=\"off\" border_color=\"#ffffff\" border_style=\"solid\"]<\/p><p style=\"text-align: justify;\"><strong>Gospel Spirit<\/strong> forme un groupe soud\u00e9, soucieux d\u2019accueillir et d\u2019int\u00e9grer des nouveaux membres afin de partager avec eux son plaisir de chanter. Le r\u00e9pertoire est compos\u00e9 de negro spirituals, de chants gospel et de quelques chants choraux contemporains.<\/p><p style=\"text-align: justify;\">Pour <strong>Gospel Spirit<\/strong>, le gospel, c\u2019est toute une attitude, un esprit. Ce sont des chants qui s\u2019adressent souvent \u00e0 un Dieu mais au del\u00e0 des mots, ce sont les \u00e9motions et cette transcendance qui sont recherch\u00e9es.<\/p><p style=\"text-align: justify;\"><strong>Gospel Spirit<\/strong> a \u00e9t\u00e9 cr\u00e9\u00e9 en juillet 2005 \u00e0 la suite de la cessation d\u2019activit\u00e9s du Groupe Universitaire de Gospel (GUG). Quelques choristes du GUG ont d\u00e9cid\u00e9 de relever le d\u00e9fi de continuer cette belle histoire et, avec l\u2019aide d\u2019autres choristes ont trouv\u00e9 un jeune directeur, Alexandre F\u00fcrstenberg. Ensemble, ils ont form\u00e9 Gospel Spirit, un ch\u0153ur mixte compos\u00e9 d\u2019environ 40 choristes. Gospel Spirit est une association \u00e0 but non lucratif.<\/p><p style=\"text-align: justify;\">Pendant une ann\u00e9e, Roberto Rega a remplac\u00e9 Alexandre F\u00fcrstenberg, parti poursuivre sa carri\u00e8re professionnelle outre-Atlantique. Puis c\u2019est Thomas Corminboeuf, musicien, com\u00e9dien et chanteur passionn\u00e9 qui a repris la direction pour que le ch\u0153ur continue son chemin vers de nouvelles aventures musicales. Apr\u00e8s 5 ann\u00e9es et de magnifiques prestations, Thomas Corminboeuf a d\u00e9cid\u00e9 de se concentrer sur le chant et a \u00e9t\u00e9 remplac\u00e9 \u00e0 la t\u00eate du ch\u0153ur par Jacqueline Savoyant. Elle apporte avec elle une exp\u00e9rience de pr\u00e8s de 30 ans de direction de ch\u0153ur et de chant.<\/p><p style=\"text-align: justify;\"><strong>Gospel Spirit<\/strong> se produit lors d\u2019\u00e9v\u00e9nements vari\u00e9s, tels que mariages, bapt\u00eames, festivals musicaux ou autres occasions et a sorti, en 2007, son premier CD.<br \/> Le second CD ainsi qu\u2019un DVD, \u201cLive 2012\u2033, ont \u00e9t\u00e9 enregistr\u00e9s en septembre 2012.<\/p><p>[\/et_pb_text][et_pb_text admin_label=\"Texte\" \/][\/et_pb_column][\/et_pb_row][\/et_pb_section]<\/p>","_et_gb_content_width":""},"_links":{"self":[{"href":"https:\/\/www.probonomonte.ch\/PBM-wp\/wp-json\/wp\/v2\/pages\/1668"}],"collection":[{"href":"https:\/\/www.probonomonte.ch\/PBM-wp\/wp-json\/wp\/v2\/pages"}],"about":[{"href":"https:\/\/www.probonomonte.ch\/PBM-wp\/wp-json\/wp\/v2\/types\/page"}],"author":[{"embeddable":true,"href":"https:\/\/www.probonomonte.ch\/PBM-wp\/wp-json\/wp\/v2\/users\/2"}],"replies":[{"embeddable":true,"href":"https:\/\/www.probonomonte.ch\/PBM-wp\/wp-json\/wp\/v2\/comments?post=1668"}],"version-history":[{"count":0,"href":"https:\/\/www.probonomonte.ch\/PBM-wp\/wp-json\/wp\/v2\/pages\/1668\/revisions"}],"wp:attachment":[{"href":"https:\/\/www.probonomonte.ch\/PBM-wp\/wp-json\/wp\/v2\/media?parent=1668"}],"curies":[{"name":"wp","href":"https:\/\/api.w.org\/{rel}","templated":true}]}}