{"id":1665,"date":"2015-08-01T17:08:10","date_gmt":"2015-08-01T15:08:10","guid":{"rendered":"http:\/\/www.probonomonte.ch\/PBM-wp\/?page_id=1665"},"modified":"2015-08-01T17:08:10","modified_gmt":"2015-08-01T15:08:10","slug":"ensemble-vocal-vox-animae","status":"publish","type":"page","link":"https:\/\/www.probonomonte.ch\/PBM-wp\/ensemble-vocal-vox-animae\/","title":{"rendered":"Ensemble vocal Vox Animae"},"content":{"rendered":"<p>[et_pb_section fullwidth=\u00a0\u00bboff\u00a0\u00bb specialty=\u00a0\u00bboff\u00a0\u00bb background_image=\u00a0\u00bbhttp:\/\/www.probonomonte.ch\/PBM-wp\/wp-content\/uploads\/2014\/05\/i_02_troubadour02.jpg\u00a0\u00bb background_color=\u00a0\u00bb#ffffff\u00a0\u00bb inner_shadow=\u00a0\u00bboff\u00a0\u00bb parallax=\u00a0\u00bboff\u00a0\u00bb parallax_method=\u00a0\u00bbcss\u00a0\u00bb][et_pb_row][et_pb_column type=\u00a0\u00bb4_4&Prime;][et_pb_text admin_label=\u00a0\u00bbText\u00a0\u00bb background_layout=\u00a0\u00bbdark\u00a0\u00bb text_orientation=\u00a0\u00bbcenter\u00a0\u00bb use_border_color=\u00a0\u00bboff\u00a0\u00bb border_color=\u00a0\u00bb#ffffff\u00a0\u00bb border_style=\u00a0\u00bbsolid\u00a0\u00bb]<\/p>\n<h1 style=\"text-align: center;\"><strong>Ensemble vocal Vox Animae<\/strong><\/h1>\n<h1 style=\"text-align: center;\"><span style=\"color: #ffffff;\"><br \/>\n<\/span><\/h1>\n<p>[\/et_pb_text][\/et_pb_column][\/et_pb_row][\/et_pb_section][et_pb_section background_color=\u00a0\u00bb#ffffff\u00a0\u00bb inner_shadow=\u00a0\u00bboff\u00a0\u00bb parallax=\u00a0\u00bboff\u00a0\u00bb parallax_method=\u00a0\u00bbcss\u00a0\u00bb background_image=\u00a0\u00bbhttp:\/\/www.probonomonte.ch\/PBM-wp\/wp-content\/uploads\/2013\/10\/DSC_2204-f.jpg\u00a0\u00bb][et_pb_row][et_pb_column type=\u00a0\u00bb4_4&Prime;][et_pb_text admin_label=\u00a0\u00bbText\u00a0\u00bb background_layout=\u00a0\u00bblight\u00a0\u00bb text_orientation=\u00a0\u00bbcenter\u00a0\u00bb use_border_color=\u00a0\u00bboff\u00a0\u00bb border_color=\u00a0\u00bb#ffffff\u00a0\u00bb border_style=\u00a0\u00bbsolid\u00a0\u00bb]<\/p>\n<p style=\"text-align: justify; text-justify: inter-ideograph;\">Fond\u00e9 en juin 2006, l\u2019ensemble vocal <a title=\"Les choristes\" href=\"http:\/\/www.voxanimae.ch\/?page_id=123\">Vox Animae<\/a>\u00a0r\u00e9unit 28 chanteurs neuch\u00e2telois, bernois, fribourgeois et vaudois autour d\u2019un r\u00e9pertoire a capella peu interpr\u00e9t\u00e9 en Suisse. Tous au b\u00e9n\u00e9fice d\u2019une solide exp\u00e9rience, les choristes explorent ainsi des pi\u00e8ces souvent in\u00e9dites, \u00e9crites pour 4 \u00e0 12 voix, en mettant un accent particulier sur la musique contemporaine. Cependant, Vox Animae ne se sent pas li\u00e9 \u00e0 une \u00e9poque particuli\u00e8re, puisqu\u2019il a d\u00e9j\u00e0 \u00e0 son actif plusieurs pi\u00e8ces baroques et romantiques.<\/p>\n<p style=\"text-align: justify; text-justify: inter-ideograph;\">L\u2019ensemble est n\u00e9 du projet de son directeur <a title=\"Direction\" href=\"http:\/\/www.voxanimae.ch\/?page_id=17\">Bernard Guye<\/a> de cr\u00e9er un ch\u0153ur de qualit\u00e9, o\u00f9 chaque chanteur est capable de tenir seul ou \u00e0 deux son propre registre. L\u2019essentiel du d\u00e9chiffrage des pi\u00e8ces se fait \u00e0 la maison, le ch\u0153ur se retrouvant \u00e0 quinzaine pour r\u00e9p\u00e9ter. La formule permet ainsi aux choristes de concilier une vie professionnelle tr\u00e9pidante avec leur passion du chant et de la musique.<\/p>\n<p style=\"text-align: justify; text-justify: inter-ideograph;\">Le r\u00e9pertoire de cet ensemble est tr\u00e8s diversifi\u00e9 et son directeur veille \u00e0 l\u2019\u00e9toffer continuellement par la d\u00e9couverte de nouveaux horizons musicaux, notamment dans la musique chorale contemporaine. En effet une bonne partie des pi\u00e8ces contemporaines pr\u00e9sent\u00e9es sont des \u0153uvres qui n\u2019ont encore jamais ou rarement \u00e9t\u00e9 interpr\u00e9t\u00e9es en Suisse et rel\u00e8vent de recherches approfondies pour les d\u00e9couvrir.<\/p>\n<p>[\/et_pb_text][et_pb_image admin_label=\u00a0\u00bbImage\u00a0\u00bb show_in_lightbox=\u00a0\u00bboff\u00a0\u00bb url_new_window=\u00a0\u00bboff\u00a0\u00bb animation=\u00a0\u00bbleft\u00a0\u00bb sticky=\u00a0\u00bboff\u00a0\u00bb] [\/et_pb_image][\/et_pb_column][\/et_pb_row][\/et_pb_section]<\/p>\n","protected":false},"excerpt":{"rendered":"<p><div class=\"et_pb_row et_pb_row_0 et_pb_row_empty\">\n\t\t\t\t\n\t\t\t\t\n\t\t\t\t\n\t\t\t\t\n\t\t\t\t\n\t\t\t<\/div> Ensemble vocal Vox Animae <div class=\"et_pb_row et_pb_row_1 et_pb_row_empty\">\n\t\t\t\t\n\t\t\t\t\n\t\t\t\t\n\t\t\t\t\n\t\t\t\t\n\t\t\t<\/div> Fond\u00e9 en juin 2006, l\u2019ensemble vocal Vox Animae\u00a0r\u00e9unit 28 chanteurs neuch\u00e2telois, bernois, fribourgeois et vaudois autour d\u2019un r\u00e9pertoire a capella peu interpr\u00e9t\u00e9 en Suisse. Tous au b\u00e9n\u00e9fice d\u2019une solide exp\u00e9rience, les choristes explorent ainsi des pi\u00e8ces souvent in\u00e9dites, \u00e9crites pour 4 \u00e0 12 voix, en mettant un accent particulier [&hellip;]<\/p>\n","protected":false},"author":2,"featured_media":0,"parent":0,"menu_order":0,"comment_status":"closed","ping_status":"closed","template":"","meta":{"_et_pb_use_builder":"on","_et_pb_old_content":"<p>[et_pb_section fullwidth=\"off\" specialty=\"off\" background_image=\"http:\/\/www.probonomonte.ch\/PBM-wp\/wp-content\/uploads\/2014\/05\/i_02_troubadour02.jpg\" background_color=\"#ffffff\" inner_shadow=\"off\" parallax=\"off\" parallax_method=\"css\"][et_pb_row][et_pb_column type=\"4_4\"][et_pb_text admin_label=\"Text\" background_layout=\"dark\" text_orientation=\"center\" use_border_color=\"off\" border_color=\"#ffffff\" border_style=\"solid\"]<\/p><h1 style=\"text-align: center;\"><strong>Ensemble vocal Vox Animae<\/strong><\/h1><h1 style=\"text-align: center;\"><span style=\"color: #ffffff;\"><br \/> <\/span><\/h1><p>[\/et_pb_text][\/et_pb_column][\/et_pb_row][\/et_pb_section][et_pb_section background_color=\"#ffffff\" inner_shadow=\"off\" parallax=\"off\" parallax_method=\"css\" background_image=\"http:\/\/www.probonomonte.ch\/PBM-wp\/wp-content\/uploads\/2013\/10\/DSC_2204-f.jpg\"][et_pb_row][et_pb_column type=\"4_4\"][et_pb_text admin_label=\"Text\" background_layout=\"light\" text_orientation=\"center\" use_border_color=\"off\" border_color=\"#ffffff\" border_style=\"solid\"]<\/p><p style=\"text-align: justify; text-justify: inter-ideograph;\">Fond\u00e9 en juin 2006, l\u2019ensemble vocal <a title=\"Les choristes\" href=\"http:\/\/www.voxanimae.ch\/?page_id=123\">Vox Animae<\/a>\u00a0r\u00e9unit 28 chanteurs neuch\u00e2telois, bernois, fribourgeois et vaudois autour d\u2019un r\u00e9pertoire a capella peu interpr\u00e9t\u00e9 en Suisse. Tous au b\u00e9n\u00e9fice d\u2019une solide exp\u00e9rience, les choristes explorent ainsi des pi\u00e8ces souvent in\u00e9dites, \u00e9crites pour 4 \u00e0 12 voix, en mettant un accent particulier sur la musique contemporaine. Cependant, Vox Animae ne se sent pas li\u00e9 \u00e0 une \u00e9poque particuli\u00e8re, puisqu\u2019il a d\u00e9j\u00e0 \u00e0 son actif plusieurs pi\u00e8ces baroques et romantiques.<\/p><p style=\"text-align: justify; text-justify: inter-ideograph;\">L\u2019ensemble est n\u00e9 du projet de son directeur <a title=\"Direction\" href=\"http:\/\/www.voxanimae.ch\/?page_id=17\">Bernard Guye<\/a> de cr\u00e9er un ch\u0153ur de qualit\u00e9, o\u00f9 chaque chanteur est capable de tenir seul ou \u00e0 deux son propre registre. L\u2019essentiel du d\u00e9chiffrage des pi\u00e8ces se fait \u00e0 la maison, le ch\u0153ur se retrouvant \u00e0 quinzaine pour r\u00e9p\u00e9ter. La formule permet ainsi aux choristes de concilier une vie professionnelle tr\u00e9pidante avec leur passion du chant et de la musique.<\/p><p style=\"text-align: justify; text-justify: inter-ideograph;\">Le r\u00e9pertoire de cet ensemble est tr\u00e8s diversifi\u00e9 et son directeur veille \u00e0 l\u2019\u00e9toffer continuellement par la d\u00e9couverte de nouveaux horizons musicaux, notamment dans la musique chorale contemporaine. En effet une bonne partie des pi\u00e8ces contemporaines pr\u00e9sent\u00e9es sont des \u0153uvres qui n\u2019ont encore jamais ou rarement \u00e9t\u00e9 interpr\u00e9t\u00e9es en Suisse et rel\u00e8vent de recherches approfondies pour les d\u00e9couvrir.<\/p><p>[\/et_pb_text][et_pb_image admin_label=\"Image\" show_in_lightbox=\"off\" url_new_window=\"off\" animation=\"left\" sticky=\"off\"] [\/et_pb_image][\/et_pb_column][\/et_pb_row][\/et_pb_section]<\/p>","_et_gb_content_width":""},"_links":{"self":[{"href":"https:\/\/www.probonomonte.ch\/PBM-wp\/wp-json\/wp\/v2\/pages\/1665"}],"collection":[{"href":"https:\/\/www.probonomonte.ch\/PBM-wp\/wp-json\/wp\/v2\/pages"}],"about":[{"href":"https:\/\/www.probonomonte.ch\/PBM-wp\/wp-json\/wp\/v2\/types\/page"}],"author":[{"embeddable":true,"href":"https:\/\/www.probonomonte.ch\/PBM-wp\/wp-json\/wp\/v2\/users\/2"}],"replies":[{"embeddable":true,"href":"https:\/\/www.probonomonte.ch\/PBM-wp\/wp-json\/wp\/v2\/comments?post=1665"}],"version-history":[{"count":0,"href":"https:\/\/www.probonomonte.ch\/PBM-wp\/wp-json\/wp\/v2\/pages\/1665\/revisions"}],"wp:attachment":[{"href":"https:\/\/www.probonomonte.ch\/PBM-wp\/wp-json\/wp\/v2\/media?parent=1665"}],"curies":[{"name":"wp","href":"https:\/\/api.w.org\/{rel}","templated":true}]}}