{"id":1423,"date":"2015-03-22T22:52:38","date_gmt":"2015-03-22T21:52:38","guid":{"rendered":"http:\/\/www.probonomonte.ch\/PBM-wp\/?page_id=1423"},"modified":"2015-03-31T10:05:58","modified_gmt":"2015-03-31T08:05:58","slug":"2015-dames-de-choeur","status":"publish","type":"page","link":"https:\/\/www.probonomonte.ch\/PBM-wp\/2015-dames-de-choeur\/","title":{"rendered":"2015 &#8211; Dames de choeur"},"content":{"rendered":"<p>[et_pb_section fullwidth=\u00a0\u00bboff\u00a0\u00bb specialty=\u00a0\u00bboff\u00a0\u00bb background_image=\u00a0\u00bbhttp:\/\/www.probonomonte.ch\/PBM-wp\/wp-content\/uploads\/2014\/05\/i_02_troubadour02.jpg\u00a0\u00bb background_color=\u00a0\u00bb#ffffff\u00a0\u00bb inner_shadow=\u00a0\u00bboff\u00a0\u00bb parallax=\u00a0\u00bboff\u00a0\u00bb parallax_method=\u00a0\u00bbcss\u00a0\u00bb][et_pb_row][et_pb_column type=\u00a0\u00bb4_4&Prime;][et_pb_text admin_label=\u00a0\u00bbText\u00a0\u00bb background_layout=\u00a0\u00bbdark\u00a0\u00bb text_orientation=\u00a0\u00bbcenter\u00a0\u00bb]<\/p>\n<h1 style=\"text-align: center;\"><span style=\"color: #ffffff;\">20 juin 2015<br \/>\n<\/span><\/h1>\n<p>[\/et_pb_text][\/et_pb_column][\/et_pb_row][\/et_pb_section][et_pb_section background_color=\u00a0\u00bb#ffffff\u00a0\u00bb inner_shadow=\u00a0\u00bboff\u00a0\u00bb parallax=\u00a0\u00bboff\u00a0\u00bb parallax_method=\u00a0\u00bbcss\u00a0\u00bb background_image=\u00a0\u00bbhttp:\/\/www.probonomonte.ch\/PBM-wp\/wp-content\/uploads\/2013\/10\/DSC_2204-f.jpg\u00a0\u00bb][et_pb_row][et_pb_column type=\u00a0\u00bb4_4&Prime;][et_pb_image admin_label=\u00a0\u00bbImage\u00a0\u00bb show_in_lightbox=\u00a0\u00bboff\u00a0\u00bb url_new_window=\u00a0\u00bboff\u00a0\u00bb animation=\u00a0\u00bbleft\u00a0\u00bb sticky=\u00a0\u00bboff\u00a0\u00bb src=\u00a0\u00bbhttp:\/\/www.probonomonte.ch\/PBM-wp\/wp-content\/uploads\/2015\/03\/IMG_8720.jpg\u00a0\u00bb \/][et_pb_text admin_label=\u00a0\u00bbText\u00a0\u00bb background_layout=\u00a0\u00bblight\u00a0\u00bb text_orientation=\u00a0\u00bbcenter\u00a0\u00bb]<\/p>\n<h1 style=\"text-align: center;\"><span style=\"color: #ffffff;\">\u00a0Dames de Ch\u0153ur, La Roche-sur-Foron<\/span><\/h1>\n<p style=\"text-align: justify;\"><span style=\"color: #ffffff;\">Une dizaine de choristes, r\u00e9sidant \u00e0 Annecy, La Roche sur Foron, Annemasse, Gen\u00e8ve, Saint-Gervais-les-Bains ou Saint-Julien-en-Genevois composent cet ensemble vocal f\u00e9minin amateur, sous la direction de Olivier Borer.<\/span><\/p>\n<p style=\"text-align: justify;\"><span style=\"color: #ffffff;\">Le groupe aime \u00e0 se d\u00e9finir comme un projet en marche, tant par son fonctionnement contingent que par son r\u00e9pertoire, curieux de toutes les musiques \u00ab\u00a0classiques\u00a0\u00bb, de Monteverdi \u00e0 Schumann en passant par Faur\u00e9 ou Poulenc.<\/span><br \/>\n<span style=\"color: #ffffff;\">Cr\u00e9\u00e9 en 2003, l&rsquo;ensemble poursuit son aventure, avec pour bagage l&rsquo;amour de la musique, le plaisir de la faire ensemble et de la donner \u00e0 \u00e9couter.<\/span><\/p>\n<div style=\"text-align: justify;\"><span style=\"color: #ffffff;\">Olivier Borer, n\u00e9 \u00e0 B\u00e2le, accomplit toutes ses \u00e9tudes \u00e0 Gen\u00e8ve.<\/span><br \/>\n<span style=\"color: #ffffff;\">Apr\u00e8s l&rsquo;obtention du baccalaur\u00e9at section latine, il se concentre sur la pratique de l&rsquo;orgue au Conservatoire Sup\u00e9rieur de Musique de Gen\u00e8ve et se voit d\u00e9cern\u00e9 le premier prix de virtuosit\u00e9 dans la classe de Fran\u00e7ois Delor en 2000. Il compl\u00e8te ses connaissances th\u00e9oriques avec des certificats sup\u00e9rieurs de solf\u00e8ge et de contrepoint, notamment.<\/span><br \/>\n<span style=\"color: #ffffff;\">Au niveau des distinctions, il remporte le prix d&rsquo;\u00e9tudes Migros deux ans de suite (1998 et 1999), ainsi que le prix Otto Barblan (2000).<\/span><span style=\"color: #ffffff;\">Organiste titulaire de la paroisse de Nyon (VD), professeur de piano et concertiste, il dirige deux choeurs en Suisse\u00a0: les choeurs d&rsquo;hommes <a class=\"liens\" style=\"color: #ffffff;\" title=\"\" href=\"http:\/\/www.choeurduleman.ch\/\" target=\"_blank\">\u00ab\u00a0Choeur du L\u00e9man\u00a0\u00bb \u00e0 Coppet<\/a> (VD) et <a class=\"liens\" style=\"color: #ffffff;\" title=\"\" href=\"http:\/\/www.helvetienne.ch\/\" target=\"_blank\">\u00ab\u00a0L&rsquo;Helv\u00e9tienne\u00a0\u00bb de Founex<\/a> (VD), ainsi qu&rsquo;un ensemble vocal f\u00e9minin semi-professionnel \u00e0 la Roche-sur-Foron (France)\u00a0: <a class=\"liens\" style=\"color: #ffffff;\" href=\"http:\/\/damesdechoeur74.free.fr\/index.php\">\u00ab\u00a0Dames de Choeur\u00a0\u00bb<\/a><\/span><\/div>\n<h3 style=\"text-align: justify;\"><span style=\"color: #ffffff;\">\u00a0<\/span><\/h3>\n<p>[\/et_pb_text][et_pb_image admin_label=\u00a0\u00bbImage\u00a0\u00bb show_in_lightbox=\u00a0\u00bbon\u00a0\u00bb url_new_window=\u00a0\u00bboff\u00a0\u00bb animation=\u00a0\u00bbleft\u00a0\u00bb sticky=\u00a0\u00bboff\u00a0\u00bb src=\u00a0\u00bbhttp:\/\/www.probonomonte.ch\/PBM-wp\/wp-content\/uploads\/2015\/03\/Olivier.jpg\u00a0\u00bb \/][\/et_pb_column][\/et_pb_row][\/et_pb_section]<\/p>\n","protected":false},"excerpt":{"rendered":"<p><div class=\"et_pb_row et_pb_row_0 et_pb_row_empty\">\n\t\t\t\t\n\t\t\t\t\n\t\t\t\t\n\t\t\t\t\n\t\t\t\t\n\t\t\t<\/div> 20 juin 2015 <div class=\"et_pb_row et_pb_row_1 et_pb_row_empty\">\n\t\t\t\t\n\t\t\t\t\n\t\t\t\t\n\t\t\t\t\n\t\t\t\t\n\t\t\t<\/div> \u00a0Dames de Ch\u0153ur, La Roche-sur-Foron Une dizaine de choristes, r\u00e9sidant \u00e0 Annecy, La Roche sur Foron, Annemasse, Gen\u00e8ve, Saint-Gervais-les-Bains ou Saint-Julien-en-Genevois composent cet ensemble vocal f\u00e9minin amateur, sous la direction de Olivier Borer. Le groupe aime \u00e0 se d\u00e9finir comme un projet en marche, tant par son fonctionnement contingent que [&hellip;]<\/p>\n","protected":false},"author":2,"featured_media":0,"parent":0,"menu_order":0,"comment_status":"closed","ping_status":"closed","template":"","meta":{"_et_pb_use_builder":"on","_et_pb_old_content":"","_et_gb_content_width":""},"_links":{"self":[{"href":"https:\/\/www.probonomonte.ch\/PBM-wp\/wp-json\/wp\/v2\/pages\/1423"}],"collection":[{"href":"https:\/\/www.probonomonte.ch\/PBM-wp\/wp-json\/wp\/v2\/pages"}],"about":[{"href":"https:\/\/www.probonomonte.ch\/PBM-wp\/wp-json\/wp\/v2\/types\/page"}],"author":[{"embeddable":true,"href":"https:\/\/www.probonomonte.ch\/PBM-wp\/wp-json\/wp\/v2\/users\/2"}],"replies":[{"embeddable":true,"href":"https:\/\/www.probonomonte.ch\/PBM-wp\/wp-json\/wp\/v2\/comments?post=1423"}],"version-history":[{"count":0,"href":"https:\/\/www.probonomonte.ch\/PBM-wp\/wp-json\/wp\/v2\/pages\/1423\/revisions"}],"wp:attachment":[{"href":"https:\/\/www.probonomonte.ch\/PBM-wp\/wp-json\/wp\/v2\/media?parent=1423"}],"curies":[{"name":"wp","href":"https:\/\/api.w.org\/{rel}","templated":true}]}}