{"id":1187,"date":"2014-07-01T17:35:55","date_gmt":"2014-07-01T15:35:55","guid":{"rendered":"http:\/\/www.probonomonte.ch\/PBM-wp\/?page_id=1187"},"modified":"2016-01-21T17:20:29","modified_gmt":"2016-01-21T16:20:29","slug":"1187-2","status":"publish","type":"page","link":"https:\/\/www.probonomonte.ch\/PBM-wp\/1187-2\/","title":{"rendered":"2003"},"content":{"rendered":"<p>[et_pb_section admin_label = \u00ab\u00a0section\u00a0\u00bb background_color = \u00ab\u00a0# ddc293\u00a0\u00bb inner_shadow = \u00ab\u00a0off\u00a0\u00bb parallaxe = \u00ab\u00a0off\u00a0\u00bb parallax_method = \u00ab\u00a0css\u00a0\u00bb] [et_pb_row admin_label = \u00ab\u00a0ligne\u00a0\u00bb] [Type de et_pb_column = \u00ab\u00a04_4&Prime;] [et_pb_text admin_label = \u00a0\u00bb Texte \u00ab\u00a0background_layout =\u00a0\u00bb \u00ab\u00a0text_orientation =\u00a0\u00bb sombre centre \u00ab\u00a0]<\/p>\n<h1 style=\"text-align: center;\"><span style=\"color: #ffffff;\">F\u00eate de la Musique 2003<\/span><\/h1>\n<p><span style=\"color: #ffffff;\">bi-centenaire du pays de Vaud<\/span><\/p>\n<p><span style=\"color: #ffffff;\">entr\u00e9e de Vaud dans la Conf\u00e9d\u00e9ration<br \/>\n<\/span><\/p>\n<p>[\/et_pb_text][\/et_pb_column][\/et_pb_row][et_pb_row admin_label=\u00a0\u00bbLigne\u00a0\u00bb][et_pb_column type=\u00a0\u00bb4_4&Prime;][et_pb_text admin_label=\u00a0\u00bbTexte\u00a0\u00bb background_layout=\u00a0\u00bblight\u00a0\u00bb text_orientation=\u00a0\u00bbleft\u00a0\u00bb text_font_size=\u00a0\u00bb14&Prime; use_border_color=\u00a0\u00bboff\u00a0\u00bb border_color=\u00a0\u00bb#ffffff\u00a0\u00bb border_style=\u00a0\u00bbsolid\u00a0\u00bb]<\/p>\n<h2 style=\"text-align: center;\">Au programme de cette f\u00eate de la Musique<\/h2>\n<p>&nbsp;<\/p>\n<p>[\/et_pb_text][\/et_pb_column][\/et_pb_row][et_pb_row admin_label=\u00a0\u00bbLigne\u00a0\u00bb][et_pb_column type=\u00a0\u00bb1_4&Prime;][et_pb_text admin_label=\u00a0\u00bbTexte\u00a0\u00bb background_layout=\u00a0\u00bblight\u00a0\u00bb text_orientation=\u00a0\u00bbleft\u00a0\u00bb text_font_size=\u00a0\u00bb14&Prime; use_border_color=\u00a0\u00bboff\u00a0\u00bb border_color=\u00a0\u00bb#ffffff\u00a0\u00bb border_style=\u00a0\u00bbsolid\u00a0\u00bb]<\/p>\n<h3 style=\"text-align: center;\">14 h 00<\/h3>\n<h3 style=\"text-align: center;\"><strong>Voix d&rsquo;hommes de l\u2019Ensemble Novantica<\/strong><\/h3>\n<h3 style=\"text-align: center;\">Sion<\/h3>\n<p>[\/ et_pb_text] [\/ et_pb_column] [et_pb_column type = \u00ab\u00a01_4\u00a0\u00bb] [et_pb_text admin_label = \u00ab\u00a0Texte\u00a0\u00bb background_layout = text_orientation \u00ab\u00a0lumi\u00e8re\u00a0\u00bb = \u00ab\u00a0left\u00a0\u00bb text_font_size = use_border_color \u00ab\u00a014\u00a0\u00bb = \u00ab\u00a0off\u00a0\u00bb border_color = \u00ab\u00a0# ffffff\u00a0\u00bb border_style = \u00ab\u00a0solide\u00a0\u00bb]<\/p>\n<h3 style=\"text-align: center;\">15 h 00<\/h3>\n<h3 style=\"text-align: center;\"><strong>Chorale de La Poya<\/strong><\/h3>\n<h3 style=\"text-align: center;\">Nyon<\/h3>\n<p>[\/ et_pb_text] [\/ et_pb_column] [et_pb_column type = \u00ab\u00a01_4\u00a0\u00bb] [et_pb_text admin_label = \u00ab\u00a0Texte\u00a0\u00bb background_layout = text_orientation \u00ab\u00a0lumi\u00e8re\u00a0\u00bb = \u00ab\u00a0left\u00a0\u00bb text_font_size = use_border_color \u00ab\u00a014\u00a0\u00bb = \u00ab\u00a0off\u00a0\u00bb border_color = \u00ab\u00a0# ffffff\u00a0\u00bb border_style = \u00ab\u00a0solide\u00a0\u00bb]<\/p>\n<h3 style=\"text-align: center;\">16 h 00<\/h3>\n<h3 style=\"text-align: center;\"><strong>Dame de Ch\u0153ur<\/strong><br \/>\nCh\u0153ur de chambre f\u00e9minin<\/h3>\n<h3 style=\"text-align: center;\">France<\/h3>\n<p>[\/ et_pb_text] [\/ et_pb_column] [et_pb_column type = \u00ab\u00a01_4\u00a0\u00bb] [et_pb_text admin_label = \u00ab\u00a0Texte\u00a0\u00bb background_layout = text_orientation \u00ab\u00a0lumi\u00e8re\u00a0\u00bb = \u00ab\u00a0left\u00a0\u00bb text_font_size = use_border_color \u00ab\u00a014\u00a0\u00bb = \u00ab\u00a0off\u00a0\u00bb border_color = \u00ab\u00a0# ffffff\u00a0\u00bb border_style = \u00ab\u00a0solide\u00a0\u00bb]<\/p>\n<h3 style=\"text-align: center;\">17 h 00<\/h3>\n<h3 style=\"text-align: center;\"><strong>Ch\u0153ur des XVI<\/strong><\/h3>\n<h3 style=\"text-align: center;\">Fribourg<\/h3>\n<p>[\/ et_pb_text] [et_pb_column \/] [\/ et_pb_row] [\/ et_pb_section] [et_pb_section admin_label = \u00ab\u00a0section\u00a0\u00bb pleine largeur = \u00ab\u00a0off\u00a0\u00bb sp\u00e9cialit\u00e9 = \u00ab\u00a0off\u00a0\u00bb background_image = \u00ab\u00a0http:\/\/www.probonomonte.ch\/PBM-wp\/ wp-content \/ uploads \/ 2013\/10 \/ DSC_2268.jpg \u00ab\u00a0background_color =\u00a0\u00bb # ffffff \u00ab\u00a0inner_shadow =\u00a0\u00bb off \u00ab\u00a0parallaxe =\u00a0\u00bb off \u00ab\u00a0parallax_method =\u00a0\u00bb css \u00ab\u00a0] [et_pb_row admin_label =\u00a0\u00bb ligne \u00ab\u00a0] [Type de et_pb_column =\u00a0\u00bb 4_4 \u00ab\u00a0] [et_pb_gallery admin_label =\u00a0\u00bb Galerie \u00ab\u00a0pleine largeur =\u00a0\u00bb on \u00ab\u00a0posts_number =\u00a0\u00bb 4 \u00ab\u00a0show_title_and_caption =\u00a0\u00bb on \u00ab\u00a0show_pagination =\u00a0\u00bb on \u00ab\u00a0background_layout =\u00a0\u00bb lumi\u00e8re \u00ab\u00a0] [\/ et_pb_gallery] [\/ et_pb_column] [\/ et_pb_row] [et_pb_row admin_label = \u00ab\u00a0ligne\u00a0\u00bb] [Type de et_pb_column = \u00ab\u00a01_3\u00a0\u00bb] [et_pb_image admin_label = \u00ab\u00a0image\u00a0\u00bb src = \u00ab\u00a0http:\/\/www.probonomonte.ch\/PBM-wp\/wp-content\/uploads\/2014\/07\/internet-crassier .jpg \u00ab\u00a0show_in_lightbox =\u00a0\u00bb off \u00ab\u00a0url_new_window =\u00a0\u00bb off \u00ab\u00a0animation =\u00a0\u00bb left \u00ab\u00a0] [\/ et_pb_image] [\/ et_pb_column] [et_pb_column type =\u00a0\u00bb 1_3 \u00ab\u00a0] [et_pb_image admin_label =\u00a0\u00bb image \u00ab\u00a0src =\u00a0\u00bb http: \/\/ www .probonomonte.ch \/ wp-content \/ PBM-WP \/ uploads \/ 2014\/07 \/ habitants-.jpg \u00ab\u00a0show_in_lightbox =\u00a0\u00bb off \u00ab\u00a0url_new_window =\u00a0\u00bb off \u00ab\u00a0animation =\u00a0\u00bb left \u00ab\u00a0] [\/ et_pb_image] [\/ et_pb_column] [et_pb_column type = \u00ab\u00a01_3\u00a0\u00bb] [et_pb_image admin_label = \u00ab\u00a0image\u00a0\u00bb src = \u00ab\u00a0http:\/\/www.probonomonte.ch\/PBM-wp\/wp-content\/uploads\/2014\/07\/crassier_cor.jpg\u00a0\u00bb show_in_lightbox = url_new_window \u00ab\u00a0off\u00a0\u00bb = \u00ab\u00a0off\u00a0\u00bb animation = \u00ab\u00a0left\u00a0\u00bb] [\/ et_pb_image] [\/ et_pb_column] [\/ et_pb_row] [et_pb_row admin_label = \u00ab\u00a0ligne\u00a0\u00bb] [Type de et_pb_column = \u00ab\u00a04_4\u00a0\u00bb] [et_pb_gallery admin_label = \u00ab\u00a0Galerie\u00a0\u00bb gallery_ids = \u00ab\u00a01209 1208,1203,1207,1205,1204,1202 \u00ab\u00a0pleine largeur =\u00a0\u00bb on \u00ab\u00a0posts_number =\u00a0\u00bb \u00ab\u00a0de show_title_and_caption =\u00a0\u00bb 4 sur \u00ab\u00a0show_pagination =\u00a0\u00bb on \u00ab\u00a0background_layout =\u00a0\u00bb lumi\u00e8re \u00ab\u00a0] [\/ et_pb_gallery] [\/ et_pb_column] [\/ et_pb_row] [\/ et_pb_section]<\/p>\n","protected":false},"excerpt":{"rendered":"<p>[Type de et_pb_column = \u00ab\u00a04_4\u00a0\u00bb] F\u00eate de la Musique 2003 bi-centenaire du pays de Vaud entr\u00e9e de Vaud dans la Conf\u00e9d\u00e9ration Au programme de cette f\u00eate de la Musique &nbsp; 14 h 00 Voix d&rsquo;hommes de l\u2019Ensemble Novantica Sion [\/ et_pb_text] [\/ et_pb_column] 15 h 00 Chorale de La Poya Nyon [\/ et_pb_text] [\/ et_pb_column] [&hellip;]<\/p>\n","protected":false},"author":2,"featured_media":0,"parent":0,"menu_order":0,"comment_status":"closed","ping_status":"closed","template":"","meta":{"_et_pb_use_builder":"on","_et_pb_old_content":"","_et_gb_content_width":""},"_links":{"self":[{"href":"https:\/\/www.probonomonte.ch\/PBM-wp\/wp-json\/wp\/v2\/pages\/1187"}],"collection":[{"href":"https:\/\/www.probonomonte.ch\/PBM-wp\/wp-json\/wp\/v2\/pages"}],"about":[{"href":"https:\/\/www.probonomonte.ch\/PBM-wp\/wp-json\/wp\/v2\/types\/page"}],"author":[{"embeddable":true,"href":"https:\/\/www.probonomonte.ch\/PBM-wp\/wp-json\/wp\/v2\/users\/2"}],"replies":[{"embeddable":true,"href":"https:\/\/www.probonomonte.ch\/PBM-wp\/wp-json\/wp\/v2\/comments?post=1187"}],"version-history":[{"count":0,"href":"https:\/\/www.probonomonte.ch\/PBM-wp\/wp-json\/wp\/v2\/pages\/1187\/revisions"}],"wp:attachment":[{"href":"https:\/\/www.probonomonte.ch\/PBM-wp\/wp-json\/wp\/v2\/media?parent=1187"}],"curies":[{"name":"wp","href":"https:\/\/api.w.org\/{rel}","templated":true}]}}