{"id":74,"date":"2013-09-06T14:50:48","date_gmt":"2013-09-06T12:50:48","guid":{"rendered":"http:\/\/www.probonomonte.ch\/PBM-wp\/?page_id=74"},"modified":"2016-10-20T15:28:28","modified_gmt":"2016-10-20T13:28:28","slug":"archeologie","status":"publish","type":"page","link":"http:\/\/www.probonomonte.ch\/PBM-wp\/histoire-de-labbaye\/archeologie\/","title":{"rendered":"Arch\u00e9ologie"},"content":{"rendered":"<p>[et_pb_section admin_label=\u00a0\u00bbsection\u00a0\u00bb fullwidth=\u00a0\u00bboff\u00a0\u00bb specialty=\u00a0\u00bboff\u00a0\u00bb background_color=\u00a0\u00bb#303030&Prime; inner_shadow=\u00a0\u00bboff\u00a0\u00bb parallax=\u00a0\u00bboff\u00a0\u00bb parallax_method=\u00a0\u00bboff\u00a0\u00bb transparent_background=\u00a0\u00bboff\u00a0\u00bb allow_player_pause=\u00a0\u00bboff\u00a0\u00bb padding_mobile=\u00a0\u00bboff\u00a0\u00bb make_fullwidth=\u00a0\u00bboff\u00a0\u00bb use_custom_width=\u00a0\u00bboff\u00a0\u00bb width_unit=\u00a0\u00bbon\u00a0\u00bb make_equal=\u00a0\u00bboff\u00a0\u00bb use_custom_gutter=\u00a0\u00bboff\u00a0\u00bb][et_pb_row admin_label=\u00a0\u00bbrow\u00a0\u00bb][et_pb_column type=\u00a0\u00bb4_4&Prime;][et_pb_text admin_label=\u00a0\u00bbText\u00a0\u00bb background_layout=\u00a0\u00bbdark\u00a0\u00bb text_orientation=\u00a0\u00bbcenter\u00a0\u00bb use_border_color=\u00a0\u00bboff\u00a0\u00bb border_color=\u00a0\u00bb#ffffff\u00a0\u00bb border_style=\u00a0\u00bbsolid\u00a0\u00bb]<\/p>\n<h1 style=\"text-align: center;\">Arch\u00e9ologie<span id=\"transmark\" style=\"display: none; width: 0px; height: 0px;\"><\/span><\/h1>\n<p>[\/et_pb_text][\/et_pb_column][\/et_pb_row][\/et_pb_section][et_pb_section admin_label=\u00a0\u00bbSection\u00a0\u00bb fullwidth=\u00a0\u00bboff\u00a0\u00bb specialty=\u00a0\u00bboff\u00a0\u00bb transparent_background=\u00a0\u00bboff\u00a0\u00bb allow_player_pause=\u00a0\u00bboff\u00a0\u00bb inner_shadow=\u00a0\u00bboff\u00a0\u00bb parallax=\u00a0\u00bboff\u00a0\u00bb parallax_method=\u00a0\u00bboff\u00a0\u00bb padding_mobile=\u00a0\u00bboff\u00a0\u00bb make_fullwidth=\u00a0\u00bboff\u00a0\u00bb use_custom_width=\u00a0\u00bboff\u00a0\u00bb width_unit=\u00a0\u00bbon\u00a0\u00bb make_equal=\u00a0\u00bboff\u00a0\u00bb use_custom_gutter=\u00a0\u00bboff\u00a0\u00bb][et_pb_row admin_label=\u00a0\u00bbLigne\u00a0\u00bb][et_pb_column type=\u00a0\u00bb1_2&Prime;][et_pb_text admin_label=\u00a0\u00bbTexte\u00a0\u00bb background_layout=\u00a0\u00bblight\u00a0\u00bb text_orientation=\u00a0\u00bbleft\u00a0\u00bb use_border_color=\u00a0\u00bboff\u00a0\u00bb border_color=\u00a0\u00bb#ffffff\u00a0\u00bb border_style=\u00a0\u00bbsolid\u00a0\u00bb]<\/p>\n<p><img decoding=\"async\" loading=\"lazy\" class=\"aligncenter size-full wp-image-644\" src=\"http:\/\/www.probonomonte.ch\/PBM-wp\/wp-content\/uploads\/2014\/04\/image-bonmont-1.jpg\" alt=\"image-bonmont-1\" width=\"1024\" height=\"768\" srcset=\"http:\/\/www.probonomonte.ch\/PBM-wp\/wp-content\/uploads\/2014\/04\/image-bonmont-1.jpg 1024w, http:\/\/www.probonomonte.ch\/PBM-wp\/wp-content\/uploads\/2014\/04\/image-bonmont-1-600x450.jpg 600w\" sizes=\"(max-width: 1024px) 100vw, 1024px\" \/><\/p>\n<p>[\/et_pb_text][et_pb_text admin_label=\u00a0\u00bbTexte\u00a0\u00bb background_layout=\u00a0\u00bblight\u00a0\u00bb text_orientation=\u00a0\u00bbleft\u00a0\u00bb use_border_color=\u00a0\u00bboff\u00a0\u00bb border_color=\u00a0\u00bb#ffffff\u00a0\u00bb border_style=\u00a0\u00bbsolid\u00a0\u00bb]<\/p>\n<h2 style=\"text-align: right;\"><\/h2>\n<h2 style=\"text-align: right;\"><\/h2>\n<h2 style=\"text-align: right;\"><\/h2>\n<p>&nbsp;<\/p>\n<p>&nbsp;<\/p>\n<h2 style=\"text-align: right;\"><em><span style=\"color: #99460f;\"><span style=\"color: #171515;\">en bref<\/span><\/span><\/em><\/h2>\n<p>[\/et_pb_text][\/et_pb_column][et_pb_column type=\u00a0\u00bb1_2&Prime;][et_pb_image admin_label=\u00a0\u00bbImage\u00a0\u00bb src=\u00a0\u00bbhttp:\/\/www.probonomonte.ch\/PBM-wp\/wp-content\/uploads\/2016\/10\/architecture_f1.png\u00a0\u00bb show_in_lightbox=\u00a0\u00bboff\u00a0\u00bb url_new_window=\u00a0\u00bboff\u00a0\u00bb use_overlay=\u00a0\u00bboff\u00a0\u00bb animation=\u00a0\u00bbleft\u00a0\u00bb sticky=\u00a0\u00bboff\u00a0\u00bb align=\u00a0\u00bbleft\u00a0\u00bb force_fullwidth=\u00a0\u00bboff\u00a0\u00bb always_center_on_mobile=\u00a0\u00bbon\u00a0\u00bb use_border_color=\u00a0\u00bboff\u00a0\u00bb border_color=\u00a0\u00bb#ffffff\u00a0\u00bb border_style=\u00a0\u00bbsolid\u00a0\u00bb] [\/et_pb_image][et_pb_text admin_label=\u00a0\u00bbTexte\u00a0\u00bb background_layout=\u00a0\u00bblight\u00a0\u00bb text_orientation=\u00a0\u00bbleft\u00a0\u00bb use_border_color=\u00a0\u00bboff\u00a0\u00bb border_color=\u00a0\u00bb#ffffff\u00a0\u00bb border_style=\u00a0\u00bbsolid\u00a0\u00bb]<\/p>\n<h2 style=\"text-align: center;\"><span style=\"color: #171515;\"><em>arch\u00e9ologie<\/em><\/span><\/h2>\n<p>[\/et_pb_text][\/et_pb_column][\/et_pb_row][et_pb_row admin_label=\u00a0\u00bbLigne\u00a0\u00bb][et_pb_column type=\u00a0\u00bb4_4&Prime;][et_pb_text admin_label=\u00a0\u00bbTexte\u00a0\u00bb background_layout=\u00a0\u00bblight\u00a0\u00bb text_orientation=\u00a0\u00bbleft\u00a0\u00bb use_border_color=\u00a0\u00bboff\u00a0\u00bb border_color=\u00a0\u00bb#ffffff\u00a0\u00bb border_style=\u00a0\u00bbsolid\u00a0\u00bb]<\/p>\n<p style=\"text-align: justify;\"><strong>L&rsquo;abbaye de Bonmont est fond\u00e9e vers 1120 par deux seigneurs de Divonne, Walcher de Divonne et son fr\u00e8re, \u00c9tienne de Gingins<\/strong>.<\/p>\n<p style=\"text-align: justify;\">Ils donnent des terres et font appel aux moines b\u00e9n\u00e9dictins de l&rsquo;abbaye de Balerne, situ\u00e9e \u00e0 Mont-sur-Monnet, en Franche-Comt\u00e9.<br \/>\nLa r\u00e9gion du pied de la D\u00f4le, par la richesse de son hydrographie se pr\u00eatait bien \u00e0 l&rsquo;implantation d&rsquo;une abbaye qui se devait de vivre en autarcie. L&rsquo;eau constituait l&rsquo;unique source \u00e9nerg\u00e9tique pour faire tourner la roue de son moulin et de ses ateliers.<\/p>\n<p style=\"text-align: justify;\">L&rsquo;ancienne abbaye cistercienne de Bonmont n&rsquo;a conserv\u00e9 que son \u00e9glise.<\/p>\n<p style=\"text-align: justify;\">Le clo\u00eetre, les b\u00e2timents conventuels et les annexes ont malheureusement disparu d\u00e8s la reprise du site par le souverain bernois en 1536.<\/p>\n<p style=\"text-align: justify;\">Durant l&rsquo;\u00e9poque bernoise, diverses interventions eurent lieu qui ont influenc\u00e9 la structure:<\/p>\n<p style=\"text-align: justify;\">\u2022 d\u00e9molition des b\u00e2timents monastiques<br \/>\n\u2022 d\u00e9molition de la vo\u00fbte du transept sud<br \/>\n\u2022 construction du bouchon sous divers vo\u00fbtes<br \/>\n\u2022 construction d&rsquo;un four \u00e0 pain<\/p>\n<p style=\"text-align: justify;\">L&rsquo;Abbaye quant \u00e0 elle fut sauv\u00e9e car les bernois lui trouv\u00e8rent une utilit\u00e9, ils la transform\u00e8rent en grange \u00e0 bl\u00e9, C&rsquo;est donc la r\u00e9utilisation de l&rsquo;\u00e9glise \u00e0 des fins profanes qui la sauva de la destruction.<\/p>\n<h2 style=\"text-align: justify;\">Le clo\u00eetre,les b\u00e2timents<br \/>\nconventuels et les annexes ont<br \/>\nmalheureusement disparu<\/h2>\n<p style=\"text-align: justify;\">En 1802, le domaine de Bonmont, alors bien public, fut vendu \u00e0 des particulier et resta d\u00e8s lors en mains priv\u00e9es. Seule l&rsquo;\u00e9glise, en 1982, a pu devenir propri\u00e9t\u00e9 de l&rsquo;Etat de Vaud, lequel entreprit aussit\u00f4t des travaux de restauration.<\/p>\n<p style=\"text-align: justify;\">Les investigations arch\u00e9ologiques accompagnant les r\u00e9cents travaux de restauration ont dur\u00e9 de 1982 \u00e0 1988. Elles ont d\u00e9but\u00e9 par les fouilles et l&rsquo;analyse des \u00e9l\u00e9vations de l&rsquo;\u00e9glise. En vue de l&rsquo;am\u00e9nagement des alentours de l&rsquo;\u00e9difice, les recherches dans le sous-sol ont \u00e9t\u00e9 \u00e9tendues \u00e0 l&rsquo;ext\u00e9rieur, sur les surfaces correspondant \u00e0 la deuxi\u00e8me trav\u00e9e du sanctuaire et de porche prot\u00e9geant autrefois l&rsquo;entr\u00e9e dans la fa\u00e7ade orientale de la nef, deux \u00e9l\u00e9ments ayant aujourd&rsquo;hui disparu.<span id=\"transmark\" style=\"display: none; width: 0px; height: 0px;\"><\/span><\/p>\n<p>[\/et_pb_text][\/et_pb_column][\/et_pb_row][\/et_pb_section]<\/p>\n","protected":false},"excerpt":{"rendered":"<p>Arch\u00e9ologie &nbsp; &nbsp; en bref arch\u00e9ologie L&rsquo;abbaye de Bonmont est fond\u00e9e vers 1120 par deux seigneurs de Divonne, Walcher de Divonne et son fr\u00e8re, \u00c9tienne de Gingins. Ils donnent des terres et font appel aux moines b\u00e9n\u00e9dictins de l&rsquo;abbaye de Balerne, situ\u00e9e \u00e0 Mont-sur-Monnet, en Franche-Comt\u00e9. La r\u00e9gion du pied de la D\u00f4le, par la [&hellip;]<\/p>\n","protected":false},"author":2,"featured_media":0,"parent":71,"menu_order":1,"comment_status":"closed","ping_status":"closed","template":"","meta":{"_et_pb_use_builder":"on","_et_pb_old_content":"<p style=\"text-align: center;\"><a href=\"http:\/\/www.probonomonte.ch\/PBM-wp\/wp-content\/uploads\/2014\/02\/archeologie_site1.png\"><img class=\"size-large wp-image-429 aligncenter\" src=\"http:\/\/www.probonomonte.ch\/PBM-wp\/wp-content\/uploads\/2014\/02\/archeologie_site1-534x1024.png\" alt=\"archeologie_site1\" width=\"534\" height=\"1024\" \/><\/a><\/p><p>\u00a0<\/p>","_et_gb_content_width":""},"_links":{"self":[{"href":"http:\/\/www.probonomonte.ch\/PBM-wp\/wp-json\/wp\/v2\/pages\/74"}],"collection":[{"href":"http:\/\/www.probonomonte.ch\/PBM-wp\/wp-json\/wp\/v2\/pages"}],"about":[{"href":"http:\/\/www.probonomonte.ch\/PBM-wp\/wp-json\/wp\/v2\/types\/page"}],"author":[{"embeddable":true,"href":"http:\/\/www.probonomonte.ch\/PBM-wp\/wp-json\/wp\/v2\/users\/2"}],"replies":[{"embeddable":true,"href":"http:\/\/www.probonomonte.ch\/PBM-wp\/wp-json\/wp\/v2\/comments?post=74"}],"version-history":[{"count":0,"href":"http:\/\/www.probonomonte.ch\/PBM-wp\/wp-json\/wp\/v2\/pages\/74\/revisions"}],"up":[{"embeddable":true,"href":"http:\/\/www.probonomonte.ch\/PBM-wp\/wp-json\/wp\/v2\/pages\/71"}],"wp:attachment":[{"href":"http:\/\/www.probonomonte.ch\/PBM-wp\/wp-json\/wp\/v2\/media?parent=74"}],"curies":[{"name":"wp","href":"https:\/\/api.w.org\/{rel}","templated":true}]}}